{"id":9212,"date":"2026-01-12T15:33:37","date_gmt":"2026-01-12T14:33:37","guid":{"rendered":"https:\/\/educaswiss.ch\/?page_id=9212"},"modified":"2026-01-12T15:36:22","modified_gmt":"2026-01-12T14:36:22","slug":"direction-generale-conseil-de-fondation","status":"publish","type":"page","link":"https:\/\/educaswiss.ch\/fr\/a-propos\/direction-generale-conseil-de-fondation\/","title":{"rendered":"Direction g\u00e9n\u00e9rale &amp; Conseil de fondation"},"content":{"rendered":"\n<div class=\"wp-block-group alignfull has-huge-padding\"><div class=\"wp-block-group__inner-container is-layout-flow wp-block-group-is-layout-flow\">\n<h1 class=\"wp-block-heading has-text-align-center has-5-xl-font-size\">Conseil de fondation<\/h1>\n\n\n      <div class=\"team-section alignwide team--extended \">\n                      <div class=\"team-member\" data-link-only=\"0\">\n      <div class=\"team-member__image\">\n        <img loading=\"lazy\" decoding=\"async\" width=\"2500\" height=\"2500\" src=\"https:\/\/educaswiss.ch\/wp-content\/uploads\/2020\/11\/MarcoBilleter-1.jpg\" class=\"attachment-post-thumbnail size-post-thumbnail wp-post-image\" alt=\"\" srcset=\"https:\/\/educaswiss.ch\/wp-content\/uploads\/2020\/11\/MarcoBilleter-1.jpg 2500w, https:\/\/educaswiss.ch\/wp-content\/uploads\/2020\/11\/MarcoBilleter-1-300x300.jpg 300w, https:\/\/educaswiss.ch\/wp-content\/uploads\/2020\/11\/MarcoBilleter-1-1024x1024.jpg 1024w, https:\/\/educaswiss.ch\/wp-content\/uploads\/2020\/11\/MarcoBilleter-1-150x150.jpg 150w, https:\/\/educaswiss.ch\/wp-content\/uploads\/2020\/11\/MarcoBilleter-1-768x768.jpg 768w, https:\/\/educaswiss.ch\/wp-content\/uploads\/2020\/11\/MarcoBilleter-1-1536x1536.jpg 1536w, https:\/\/educaswiss.ch\/wp-content\/uploads\/2020\/11\/MarcoBilleter-1-2048x2048.jpg 2048w\" sizes=\"auto, (max-width: 2500px) 100vw, 2500px\" \/>      <\/div>\n            <div class=\"team-member__content\">\n        <h3>Marco Billeter <\/h3>\n                  <h4>Fondateur et directeur g\u00e9n\u00e9ral<\/h4>\n                          <div class=\"person-description__wrapper\">\n            <div class=\"person-description\" style=\"\">\n              <!-- wp:paragraph -->\n<p><strong>Marco Billeter<\/strong> a \u00e9tudi\u00e9 le droit \u00e0 l\u2019Universit\u00e9 de Saint-Gall. Apr\u00e8s avoir occup\u00e9 diff\u00e9rentes fonctions de direction au sein de Novartis AG, il s\u2019est sp\u00e9cialis\u00e9 dans la restructuration et la r\u00e9orientation strat\u00e9gique d\u2019entreprises industrielles de taille moyenne. En tant qu\u2019investisseur et membre de conseils d\u2019administration, il est actif dans divers secteurs, notamment l\u2019emballage, les techniques du b\u00e2timent, la m\u00e9tallurgie et la construction automobile.<br><br>En tant que cofondateur d\u2019<strong>EDUCA SWISS<\/strong>, Marco Billeter a durablement marqu\u00e9 la fondation pendant de nombreuses ann\u00e9es en tant que pr\u00e9sident du conseil de fondation. Afin de r\u00e9pondre \u00e0 la croissance dynamique de la fondation ainsi qu\u2019au d\u00e9veloppement continu des programmes <strong>EDUCA SWISS<\/strong>, DreamTeam et <strong><a href=\"http:\/\/stipendium.ch\" data-type=\"link\" data-id=\"stipendium.ch\">stipendium.ch<\/a><\/strong>, il a repris la direction g\u00e9n\u00e9rale nouvellement cr\u00e9\u00e9e et \u00e0 port\u00e9e transversale de la fondation. Il poursuit ainsi de mani\u00e8re coh\u00e9rente son engagement de longue date en faveur de la promotion des jeunes talents par des personnalit\u00e9s dirigeantes, tant sur le plan du contenu que de la responsabilit\u00e9 entrepreneuriale.<\/p>\n<!-- \/wp:paragraph -->            <\/div>\n          <\/div>\n              <\/div>\n\n          <\/div>\n                        <div class=\"team-member\" data-link-only=\"0\">\n      <div class=\"team-member__image\">\n        <img loading=\"lazy\" decoding=\"async\" width=\"200\" height=\"200\" src=\"https:\/\/educaswiss.ch\/wp-content\/uploads\/2020\/11\/Claude-Siegenthaler.jpg\" class=\"attachment-post-thumbnail size-post-thumbnail wp-post-image\" alt=\"\" srcset=\"https:\/\/educaswiss.ch\/wp-content\/uploads\/2020\/11\/Claude-Siegenthaler.jpg 200w, https:\/\/educaswiss.ch\/wp-content\/uploads\/2020\/11\/Claude-Siegenthaler-150x150.jpg 150w\" sizes=\"auto, (max-width: 200px) 100vw, 200px\" \/>      <\/div>\n            <div class=\"team-member__content\">\n        <h3>Prof. Dr. HSG Claude Siegenthaler <\/h3>\n                  <h4>Fondateur et pr\u00e9sident du conseil de fondation<\/h4>\n                          <div class=\"person-description__wrapper\">\n            <div class=\"person-description\" style=\"\">\n              <!-- wp:paragraph -->\n<p>Claude Siegenthaler a \u00e9tudi\u00e9 les sciences \u00e9conomiques \u00e0 l&rsquo;Universit\u00e9 de Saint-Gall. De 2004 \u00e0 2016, il a \u00e9t\u00e9 professeur en durabilit\u00e9 \u00e0 l&rsquo;universit\u00e9 Hosei de Tokyo. En tant que professeur et coach, il enseigne dans diff\u00e9rentes hautes \u00e9coles dont l&rsquo;ETH Zurich. Avec sa soci\u00e9t\u00e9 Authentic Development GmbH, il accompagne les cadres dirigeants et les organisations. Il est cofondateur d&rsquo;EDUCA SWISS, membre du conseil de fondation, il a \u00e9t\u00e9 le directeur de 2016 \u00e0 2019. <\/p>\n<!-- \/wp:paragraph -->            <\/div>\n          <\/div>\n              <\/div>\n\n          <\/div>\n                        <div class=\"team-member\" data-link-only=\"0\">\n      <div class=\"team-member__image\">\n        <img loading=\"lazy\" decoding=\"async\" width=\"200\" height=\"200\" src=\"https:\/\/educaswiss.ch\/wp-content\/uploads\/2020\/11\/Monique-Baer.jpg\" class=\"attachment-post-thumbnail size-post-thumbnail wp-post-image\" alt=\"\" srcset=\"https:\/\/educaswiss.ch\/wp-content\/uploads\/2020\/11\/Monique-Baer.jpg 200w, https:\/\/educaswiss.ch\/wp-content\/uploads\/2020\/11\/Monique-Baer-150x150.jpg 150w\" sizes=\"auto, (max-width: 200px) 100vw, 200px\" \/>      <\/div>\n            <div class=\"team-member__content\">\n        <h3>Monique B\u00e4r <\/h3>\n                  <h4>Fondatrice et membre du conseil de fondation<\/h4>\n                          <div class=\"person-description__wrapper\">\n            <div class=\"person-description\" style=\"\">\n              <!-- wp:paragraph -->\n<p>Monique B\u00e4r s&rsquo;engage activement dans les domaines de l&rsquo;int\u00e9gration sociale, de la durabilit\u00e9 et du leadership. Elle est fondatrice et pr\u00e9sidente de la Fondation Arcas, co-initiatrice de la Fondation pour un leadership responsable \u00e0 Saint-Gall et membre du conseil d&rsquo;administration de Forma Futura Invest SA et de la soci\u00e9t\u00e9 immobili\u00e8re sociale Equimo SA. Monique B\u00e4r est \u00e9galement membre du conseil d&rsquo;administration de SwissFoundations, l&rsquo;organisation fa\u00eeti\u00e8re des fondations donatrices suisses. En tant que partenaire du coaching-center gmbh \u00e0 Zurich, elle travaille depuis le milieu des ann\u00e9es 1990 comme superviseure et coach dans les entreprises et le secteur non lucratif. Monique B\u00e4r est titulaire d&rsquo;un dipl\u00f4me d&rsquo;ing\u00e9nieure de l&rsquo;ETH Zurich et de superviseure IAP\/BSO.<\/p>\n<!-- \/wp:paragraph -->            <\/div>\n          <\/div>\n              <\/div>\n\n          <\/div>\n                        <div class=\"team-member\" data-link-only=\"0\">\n      <div class=\"team-member__image\">\n        <img loading=\"lazy\" decoding=\"async\" width=\"200\" height=\"200\" src=\"https:\/\/educaswiss.ch\/wp-content\/uploads\/2020\/11\/Monica-Voegele.jpg\" class=\"attachment-post-thumbnail size-post-thumbnail wp-post-image\" alt=\"\" srcset=\"https:\/\/educaswiss.ch\/wp-content\/uploads\/2020\/11\/Monica-Voegele.jpg 200w, https:\/\/educaswiss.ch\/wp-content\/uploads\/2020\/11\/Monica-Voegele-150x150.jpg 150w\" sizes=\"auto, (max-width: 200px) 100vw, 200px\" \/>      <\/div>\n            <div class=\"team-member__content\">\n        <h3>Monica V\u00f6gele <\/h3>\n                  <h4>Fondatrice et membre du conseil de fondation<\/h4>\n                          <div class=\"person-description__wrapper\">\n            <div class=\"person-description\" style=\"\">\n              <!-- wp:paragraph -->\n<p>Monica V\u00f6gele a \u00e9tudi\u00e9 l&rsquo;histoire de l&rsquo;art et la litt\u00e9rature \u00e0 l&rsquo;Universit\u00e9 de Zurich et a travaill\u00e9 en m\u00eame temps dans la publicit\u00e9 et le marketing pour un groupe international de vente au d\u00e9tail. Apr\u00e8s avoir \u00e9t\u00e9 responsable pendant 14 ans de la propre agence de publicit\u00e9 du groupe, Monica V\u00f6gele est revenue \u00e0 la culture. En tant que pr\u00e9sidente du conseil de fondation de la Fondation Charles et Agnes V\u00f6gele et directrice du Centre culturel V\u00f6gele, elle s&rsquo;occupe actuellement de sujets li\u00e9s \u00e0 la soci\u00e9t\u00e9 et de leur communication aux \u00e9coles, aux institutions et au public. Ses mandats au sein des conseils d&rsquo;administration d&rsquo;institutions culturelles et d\u2019institutions de formation t\u00e9moignent de l&rsquo;engagement de Monica V\u00f6gele en faveur d&rsquo;un transfert des connaissances accessible \u00e0 tous.<\/p>\n<!-- \/wp:paragraph -->            <\/div>\n          <\/div>\n              <\/div>\n\n          <\/div>\n                        <\/div><!-- \/.team-section -->\n    <\/div><\/div>\n\n\n\n<p><\/p>\n","protected":false},"excerpt":{"rendered":"<p>Conseil de fondation<\/p>\n","protected":false},"author":1,"featured_media":0,"parent":1616,"menu_order":0,"comment_status":"closed","ping_status":"closed","template":"","meta":{"_acf_changed":false,"hide_page_title":"enabled","_coblocks_attr":"","_coblocks_dimensions":"","_coblocks_responsive_height":"","_coblocks_accordion_ie_support":"","footnotes":""},"class_list":["post-9212","page","type-page","status-publish","hentry"],"acf":[],"yoast_head":"<!-- This site is optimized with the Yoast SEO plugin v27.4 - https:\/\/yoast.com\/product\/yoast-seo-wordpress\/ -->\n<title>Direction g\u00e9n\u00e9rale &amp; Conseil de fondation &#8211; EDUCA SWISS<\/title>\n<meta name=\"description\" content=\"Lernen Sie den Stiftungsrat und den Expertenrat von EDUCA SWISS kennen, der Schweizerischen Stiftung f\u00fcr Bildungsf\u00f6rderung und -finanzierung.\" \/>\n<meta name=\"robots\" content=\"index, follow, max-snippet:-1, max-image-preview:large, max-video-preview:-1\" \/>\n<link rel=\"canonical\" href=\"https:\/\/educaswiss.ch\/fr\/a-propos\/direction-generale-conseil-de-fondation\/\" \/>\n<meta property=\"og:locale\" content=\"fr_FR\" \/>\n<meta property=\"og:type\" content=\"article\" \/>\n<meta property=\"og:title\" content=\"Direction g\u00e9n\u00e9rale &amp; Conseil de fondation &#8211; EDUCA SWISS\" \/>\n<meta property=\"og:description\" content=\"Lernen Sie den Stiftungsrat und den Expertenrat von EDUCA SWISS kennen, der Schweizerischen Stiftung f\u00fcr Bildungsf\u00f6rderung und -finanzierung.\" \/>\n<meta property=\"og:url\" content=\"https:\/\/educaswiss.ch\/fr\/a-propos\/direction-generale-conseil-de-fondation\/\" \/>\n<meta property=\"og:site_name\" content=\"EDUCA SWISS\" \/>\n<meta property=\"article:modified_time\" content=\"2026-01-12T14:36:22+00:00\" \/>\n<meta property=\"og:image\" content=\"https:\/\/educaswiss.ch\/wp-content\/uploads\/2020\/12\/educaswiss-preview.jpg\" \/>\n\t<meta property=\"og:image:width\" content=\"1200\" \/>\n\t<meta property=\"og:image:height\" content=\"675\" \/>\n\t<meta property=\"og:image:type\" content=\"image\/jpeg\" \/>\n<meta name=\"twitter:card\" content=\"summary_large_image\" \/>\n<meta name=\"twitter:label1\" content=\"Dur\u00e9e de lecture estim\u00e9e\" \/>\n\t<meta name=\"twitter:data1\" content=\"1 minute\" \/>\n<script type=\"application\/ld+json\" class=\"yoast-schema-graph\">{\"@context\":\"https:\\\/\\\/schema.org\",\"@graph\":[{\"@type\":\"WebPage\",\"@id\":\"https:\\\/\\\/educaswiss.ch\\\/fr\\\/a-propos\\\/direction-generale-conseil-de-fondation\\\/\",\"url\":\"https:\\\/\\\/educaswiss.ch\\\/fr\\\/a-propos\\\/direction-generale-conseil-de-fondation\\\/\",\"name\":\"Direction g\u00e9n\u00e9rale &amp; Conseil de fondation &#8211; EDUCA SWISS\",\"isPartOf\":{\"@id\":\"https:\\\/\\\/educaswiss.ch\\\/fr\\\/#website\"},\"datePublished\":\"2026-01-12T14:33:37+00:00\",\"dateModified\":\"2026-01-12T14:36:22+00:00\",\"description\":\"Lernen Sie den Stiftungsrat und den Expertenrat von EDUCA SWISS kennen, der Schweizerischen Stiftung f\u00fcr Bildungsf\u00f6rderung und -finanzierung.\",\"breadcrumb\":{\"@id\":\"https:\\\/\\\/educaswiss.ch\\\/fr\\\/a-propos\\\/direction-generale-conseil-de-fondation\\\/#breadcrumb\"},\"inLanguage\":\"fr-FR\",\"potentialAction\":[{\"@type\":\"ReadAction\",\"target\":[\"https:\\\/\\\/educaswiss.ch\\\/fr\\\/a-propos\\\/direction-generale-conseil-de-fondation\\\/\"]}]},{\"@type\":\"BreadcrumbList\",\"@id\":\"https:\\\/\\\/educaswiss.ch\\\/fr\\\/a-propos\\\/direction-generale-conseil-de-fondation\\\/#breadcrumb\",\"itemListElement\":[{\"@type\":\"ListItem\",\"position\":1,\"name\":\"Startseite\",\"item\":\"https:\\\/\\\/educaswiss.ch\\\/fr\\\/\"},{\"@type\":\"ListItem\",\"position\":2,\"name\":\"\u00c0 propos\",\"item\":\"https:\\\/\\\/educaswiss.ch\\\/fr\\\/a-propos\\\/\"},{\"@type\":\"ListItem\",\"position\":3,\"name\":\"Direction g\u00e9n\u00e9rale &amp; Conseil de fondation\"}]},{\"@type\":\"WebSite\",\"@id\":\"https:\\\/\\\/educaswiss.ch\\\/fr\\\/#website\",\"url\":\"https:\\\/\\\/educaswiss.ch\\\/fr\\\/\",\"name\":\"EDUCA SWISS\",\"description\":\"\",\"publisher\":{\"@id\":\"https:\\\/\\\/educaswiss.ch\\\/fr\\\/#organization\"},\"potentialAction\":[{\"@type\":\"SearchAction\",\"target\":{\"@type\":\"EntryPoint\",\"urlTemplate\":\"https:\\\/\\\/educaswiss.ch\\\/fr\\\/?s={search_term_string}\"},\"query-input\":{\"@type\":\"PropertyValueSpecification\",\"valueRequired\":true,\"valueName\":\"search_term_string\"}}],\"inLanguage\":\"fr-FR\"},{\"@type\":\"Organization\",\"@id\":\"https:\\\/\\\/educaswiss.ch\\\/fr\\\/#organization\",\"name\":\"EDUCA SWISS\",\"url\":\"https:\\\/\\\/educaswiss.ch\\\/fr\\\/\",\"logo\":{\"@type\":\"ImageObject\",\"inLanguage\":\"fr-FR\",\"@id\":\"https:\\\/\\\/educaswiss.ch\\\/fr\\\/#\\\/schema\\\/logo\\\/image\\\/\",\"url\":\"https:\\\/\\\/educaswiss.ch\\\/wp-content\\\/uploads\\\/2020\\\/12\\\/educaswiss_ungewinkelt_rot_32-punkte.png\",\"contentUrl\":\"https:\\\/\\\/educaswiss.ch\\\/wp-content\\\/uploads\\\/2020\\\/12\\\/educaswiss_ungewinkelt_rot_32-punkte.png\",\"width\":194,\"height\":108,\"caption\":\"EDUCA SWISS\"},\"image\":{\"@id\":\"https:\\\/\\\/educaswiss.ch\\\/fr\\\/#\\\/schema\\\/logo\\\/image\\\/\"}}]}<\/script>\n<!-- \/ Yoast SEO plugin. -->","yoast_head_json":{"title":"Direction g\u00e9n\u00e9rale &amp; Conseil de fondation &#8211; EDUCA SWISS","description":"Lernen Sie den Stiftungsrat und den Expertenrat von EDUCA SWISS kennen, der Schweizerischen Stiftung f\u00fcr Bildungsf\u00f6rderung und -finanzierung.","robots":{"index":"index","follow":"follow","max-snippet":"max-snippet:-1","max-image-preview":"max-image-preview:large","max-video-preview":"max-video-preview:-1"},"canonical":"https:\/\/educaswiss.ch\/fr\/a-propos\/direction-generale-conseil-de-fondation\/","og_locale":"fr_FR","og_type":"article","og_title":"Direction g\u00e9n\u00e9rale &amp; Conseil de fondation &#8211; EDUCA SWISS","og_description":"Lernen Sie den Stiftungsrat und den Expertenrat von EDUCA SWISS kennen, der Schweizerischen Stiftung f\u00fcr Bildungsf\u00f6rderung und -finanzierung.","og_url":"https:\/\/educaswiss.ch\/fr\/a-propos\/direction-generale-conseil-de-fondation\/","og_site_name":"EDUCA SWISS","article_modified_time":"2026-01-12T14:36:22+00:00","og_image":[{"width":1200,"height":675,"url":"https:\/\/educaswiss.ch\/wp-content\/uploads\/2020\/12\/educaswiss-preview.jpg","type":"image\/jpeg"}],"twitter_card":"summary_large_image","twitter_misc":{"Dur\u00e9e de lecture estim\u00e9e":"1 minute"},"schema":{"@context":"https:\/\/schema.org","@graph":[{"@type":"WebPage","@id":"https:\/\/educaswiss.ch\/fr\/a-propos\/direction-generale-conseil-de-fondation\/","url":"https:\/\/educaswiss.ch\/fr\/a-propos\/direction-generale-conseil-de-fondation\/","name":"Direction g\u00e9n\u00e9rale &amp; Conseil de fondation &#8211; EDUCA SWISS","isPartOf":{"@id":"https:\/\/educaswiss.ch\/fr\/#website"},"datePublished":"2026-01-12T14:33:37+00:00","dateModified":"2026-01-12T14:36:22+00:00","description":"Lernen Sie den Stiftungsrat und den Expertenrat von EDUCA SWISS kennen, der Schweizerischen Stiftung f\u00fcr Bildungsf\u00f6rderung und -finanzierung.","breadcrumb":{"@id":"https:\/\/educaswiss.ch\/fr\/a-propos\/direction-generale-conseil-de-fondation\/#breadcrumb"},"inLanguage":"fr-FR","potentialAction":[{"@type":"ReadAction","target":["https:\/\/educaswiss.ch\/fr\/a-propos\/direction-generale-conseil-de-fondation\/"]}]},{"@type":"BreadcrumbList","@id":"https:\/\/educaswiss.ch\/fr\/a-propos\/direction-generale-conseil-de-fondation\/#breadcrumb","itemListElement":[{"@type":"ListItem","position":1,"name":"Startseite","item":"https:\/\/educaswiss.ch\/fr\/"},{"@type":"ListItem","position":2,"name":"\u00c0 propos","item":"https:\/\/educaswiss.ch\/fr\/a-propos\/"},{"@type":"ListItem","position":3,"name":"Direction g\u00e9n\u00e9rale &amp; Conseil de fondation"}]},{"@type":"WebSite","@id":"https:\/\/educaswiss.ch\/fr\/#website","url":"https:\/\/educaswiss.ch\/fr\/","name":"EDUCA SWISS","description":"","publisher":{"@id":"https:\/\/educaswiss.ch\/fr\/#organization"},"potentialAction":[{"@type":"SearchAction","target":{"@type":"EntryPoint","urlTemplate":"https:\/\/educaswiss.ch\/fr\/?s={search_term_string}"},"query-input":{"@type":"PropertyValueSpecification","valueRequired":true,"valueName":"search_term_string"}}],"inLanguage":"fr-FR"},{"@type":"Organization","@id":"https:\/\/educaswiss.ch\/fr\/#organization","name":"EDUCA SWISS","url":"https:\/\/educaswiss.ch\/fr\/","logo":{"@type":"ImageObject","inLanguage":"fr-FR","@id":"https:\/\/educaswiss.ch\/fr\/#\/schema\/logo\/image\/","url":"https:\/\/educaswiss.ch\/wp-content\/uploads\/2020\/12\/educaswiss_ungewinkelt_rot_32-punkte.png","contentUrl":"https:\/\/educaswiss.ch\/wp-content\/uploads\/2020\/12\/educaswiss_ungewinkelt_rot_32-punkte.png","width":194,"height":108,"caption":"EDUCA SWISS"},"image":{"@id":"https:\/\/educaswiss.ch\/fr\/#\/schema\/logo\/image\/"}}]}},"_links":{"self":[{"href":"https:\/\/educaswiss.ch\/fr\/wp-json\/wp\/v2\/pages\/9212","targetHints":{"allow":["GET"]}}],"collection":[{"href":"https:\/\/educaswiss.ch\/fr\/wp-json\/wp\/v2\/pages"}],"about":[{"href":"https:\/\/educaswiss.ch\/fr\/wp-json\/wp\/v2\/types\/page"}],"author":[{"embeddable":true,"href":"https:\/\/educaswiss.ch\/fr\/wp-json\/wp\/v2\/users\/1"}],"replies":[{"embeddable":true,"href":"https:\/\/educaswiss.ch\/fr\/wp-json\/wp\/v2\/comments?post=9212"}],"version-history":[{"count":1,"href":"https:\/\/educaswiss.ch\/fr\/wp-json\/wp\/v2\/pages\/9212\/revisions"}],"predecessor-version":[{"id":9217,"href":"https:\/\/educaswiss.ch\/fr\/wp-json\/wp\/v2\/pages\/9212\/revisions\/9217"}],"up":[{"embeddable":true,"href":"https:\/\/educaswiss.ch\/fr\/wp-json\/wp\/v2\/pages\/1616"}],"wp:attachment":[{"href":"https:\/\/educaswiss.ch\/fr\/wp-json\/wp\/v2\/media?parent=9212"}],"curies":[{"name":"wp","href":"https:\/\/api.w.org\/{rel}","templated":true}]}}