{"id":8770,"date":"2025-02-19T15:16:09","date_gmt":"2025-02-19T14:16:09","guid":{"rendered":"https:\/\/educaswiss.ch\/?page_id=8770"},"modified":"2025-02-19T15:33:48","modified_gmt":"2025-02-19T14:33:48","slug":"quels-sont-les-avantages-du-coaching-propose-par-educa-swiss","status":"publish","type":"page","link":"https:\/\/educaswiss.ch\/fr\/quels-sont-les-avantages-du-coaching-propose-par-educa-swiss\/","title":{"rendered":"Quels sont les avantages du coaching propos\u00e9 par EDUCA SWISS ?"},"content":{"rendered":"\n<ol class=\"wp-block-list\">\n<li>D\u00e8s le premier entretien de coaching en ligne, tu obtiens une vision claire de tes besoins financiers sp\u00e9cifiques gr\u00e2ce \u00e0 un soutien professionnel en mati\u00e8re de budg\u00e9tisation. Le coaching comprend g\u00e9n\u00e9ralement deux \u00e0 trois s\u00e9ances en ligne d&rsquo;environ 90 minutes.<\/li>\n\n\n\n<li>Avec ton coach, tu d\u00e9veloppes des strat\u00e9gies pour optimiser tes d\u00e9penses et maximiser tes sources de revenus \u2013 ainsi, tu peux maintenir ton pr\u00eat au minimum possible ou m\u00eame r\u00e9aliser ton projet de formation sans pr\u00eat.<\/li>\n\n\n\n<li>Tu re\u00e7ois un plan clair qui t&rsquo;apporte de la s\u00e9curit\u00e9 pendant toute ta p\u00e9riode de formation.<\/li>\n\n\n\n<li>Ton plan de formation t&rsquo;aide \u00e0 convaincre tes proches, \u00e0 postuler pour des bourses et \u00e0 gagner la confiance des pr\u00eateurs potentiels.<\/li>\n\n\n\n<li>M\u00eame apr\u00e8s l&rsquo;octroi du pr\u00eat, ton coach reste disponible en tant que personne de contact comp\u00e9tente si n\u00e9cessaire.<\/li>\n<\/ol>\n\n\n\n<p><\/p>\n\n\n\n<p>Des questions ? Consulte notre <a href=\"https:\/\/educaswiss.ch\/fr\/prets-de-formation\/#faq\" target=\"_blank\" rel=\"noreferrer noopener\">FAQ<\/a>. Ou <a href=\"https:\/\/educaplan.ch\/dossier\/\" target=\"_blank\" rel=\"noreferrer noopener\">inscris-toi ici<\/a> maintenant.<\/p>\n","protected":false},"excerpt":{"rendered":"<p>Des questions ? Consulte notre FAQ. Ou inscris-toi ici maintenant.<\/p>\n","protected":false},"author":3,"featured_media":0,"parent":0,"menu_order":0,"comment_status":"closed","ping_status":"closed","template":"","meta":{"_acf_changed":false,"hide_page_title":"","_coblocks_attr":"","_coblocks_dimensions":"","_coblocks_responsive_height":"","_coblocks_accordion_ie_support":"","footnotes":""},"class_list":["post-8770","page","type-page","status-publish","hentry"],"acf":[],"yoast_head":"<!-- This site is optimized with the Yoast SEO plugin v27.3 - https:\/\/yoast.com\/product\/yoast-seo-wordpress\/ -->\n<title>Quels sont les avantages du coaching propos\u00e9 par EDUCA SWISS ? &#8211; EDUCA SWISS<\/title>\n<meta name=\"robots\" content=\"index, follow, max-snippet:-1, max-image-preview:large, max-video-preview:-1\" \/>\n<link rel=\"canonical\" href=\"https:\/\/educaswiss.ch\/fr\/quels-sont-les-avantages-du-coaching-propose-par-educa-swiss\/\" \/>\n<meta property=\"og:locale\" content=\"fr_FR\" \/>\n<meta property=\"og:type\" content=\"article\" \/>\n<meta property=\"og:title\" content=\"Quels sont les avantages du coaching propos\u00e9 par EDUCA SWISS ? &#8211; EDUCA SWISS\" \/>\n<meta property=\"og:description\" content=\"Des questions ? Consulte notre FAQ. Ou inscris-toi ici maintenant.\" \/>\n<meta property=\"og:url\" content=\"https:\/\/educaswiss.ch\/fr\/quels-sont-les-avantages-du-coaching-propose-par-educa-swiss\/\" \/>\n<meta property=\"og:site_name\" content=\"EDUCA SWISS\" \/>\n<meta property=\"article:modified_time\" content=\"2025-02-19T14:33:48+00:00\" \/>\n<meta property=\"og:image\" content=\"https:\/\/educaswiss.ch\/wp-content\/uploads\/2020\/12\/educaswiss-preview.jpg\" \/>\n\t<meta property=\"og:image:width\" content=\"1200\" \/>\n\t<meta property=\"og:image:height\" content=\"675\" \/>\n\t<meta property=\"og:image:type\" content=\"image\/jpeg\" \/>\n<meta name=\"twitter:card\" content=\"summary_large_image\" \/>\n<meta name=\"twitter:label1\" content=\"Dur\u00e9e de lecture estim\u00e9e\" \/>\n\t<meta name=\"twitter:data1\" content=\"1 minute\" \/>\n<script type=\"application\/ld+json\" class=\"yoast-schema-graph\">{\"@context\":\"https:\\\/\\\/schema.org\",\"@graph\":[{\"@type\":\"WebPage\",\"@id\":\"https:\\\/\\\/educaswiss.ch\\\/fr\\\/quels-sont-les-avantages-du-coaching-propose-par-educa-swiss\\\/\",\"url\":\"https:\\\/\\\/educaswiss.ch\\\/fr\\\/quels-sont-les-avantages-du-coaching-propose-par-educa-swiss\\\/\",\"name\":\"Quels sont les avantages du coaching propos\u00e9 par EDUCA SWISS ? &#8211; EDUCA SWISS\",\"isPartOf\":{\"@id\":\"https:\\\/\\\/educaswiss.ch\\\/fr\\\/#website\"},\"datePublished\":\"2025-02-19T14:16:09+00:00\",\"dateModified\":\"2025-02-19T14:33:48+00:00\",\"breadcrumb\":{\"@id\":\"https:\\\/\\\/educaswiss.ch\\\/fr\\\/quels-sont-les-avantages-du-coaching-propose-par-educa-swiss\\\/#breadcrumb\"},\"inLanguage\":\"fr-FR\",\"potentialAction\":[{\"@type\":\"ReadAction\",\"target\":[\"https:\\\/\\\/educaswiss.ch\\\/fr\\\/quels-sont-les-avantages-du-coaching-propose-par-educa-swiss\\\/\"]}]},{\"@type\":\"BreadcrumbList\",\"@id\":\"https:\\\/\\\/educaswiss.ch\\\/fr\\\/quels-sont-les-avantages-du-coaching-propose-par-educa-swiss\\\/#breadcrumb\",\"itemListElement\":[{\"@type\":\"ListItem\",\"position\":1,\"name\":\"Startseite\",\"item\":\"https:\\\/\\\/educaswiss.ch\\\/fr\\\/\"},{\"@type\":\"ListItem\",\"position\":2,\"name\":\"Quels sont les avantages du coaching propos\u00e9 par EDUCA SWISS ?\"}]},{\"@type\":\"WebSite\",\"@id\":\"https:\\\/\\\/educaswiss.ch\\\/fr\\\/#website\",\"url\":\"https:\\\/\\\/educaswiss.ch\\\/fr\\\/\",\"name\":\"EDUCA SWISS\",\"description\":\"\",\"publisher\":{\"@id\":\"https:\\\/\\\/educaswiss.ch\\\/fr\\\/#organization\"},\"potentialAction\":[{\"@type\":\"SearchAction\",\"target\":{\"@type\":\"EntryPoint\",\"urlTemplate\":\"https:\\\/\\\/educaswiss.ch\\\/fr\\\/?s={search_term_string}\"},\"query-input\":{\"@type\":\"PropertyValueSpecification\",\"valueRequired\":true,\"valueName\":\"search_term_string\"}}],\"inLanguage\":\"fr-FR\"},{\"@type\":\"Organization\",\"@id\":\"https:\\\/\\\/educaswiss.ch\\\/fr\\\/#organization\",\"name\":\"EDUCA SWISS\",\"url\":\"https:\\\/\\\/educaswiss.ch\\\/fr\\\/\",\"logo\":{\"@type\":\"ImageObject\",\"inLanguage\":\"fr-FR\",\"@id\":\"https:\\\/\\\/educaswiss.ch\\\/fr\\\/#\\\/schema\\\/logo\\\/image\\\/\",\"url\":\"https:\\\/\\\/educaswiss.ch\\\/wp-content\\\/uploads\\\/2020\\\/12\\\/educaswiss_ungewinkelt_rot_32-punkte.png\",\"contentUrl\":\"https:\\\/\\\/educaswiss.ch\\\/wp-content\\\/uploads\\\/2020\\\/12\\\/educaswiss_ungewinkelt_rot_32-punkte.png\",\"width\":194,\"height\":108,\"caption\":\"EDUCA SWISS\"},\"image\":{\"@id\":\"https:\\\/\\\/educaswiss.ch\\\/fr\\\/#\\\/schema\\\/logo\\\/image\\\/\"}}]}<\/script>\n<!-- \/ Yoast SEO plugin. -->","yoast_head_json":{"title":"Quels sont les avantages du coaching propos\u00e9 par EDUCA SWISS ? &#8211; EDUCA SWISS","robots":{"index":"index","follow":"follow","max-snippet":"max-snippet:-1","max-image-preview":"max-image-preview:large","max-video-preview":"max-video-preview:-1"},"canonical":"https:\/\/educaswiss.ch\/fr\/quels-sont-les-avantages-du-coaching-propose-par-educa-swiss\/","og_locale":"fr_FR","og_type":"article","og_title":"Quels sont les avantages du coaching propos\u00e9 par EDUCA SWISS ? &#8211; EDUCA SWISS","og_description":"Des questions ? Consulte notre FAQ. Ou inscris-toi ici maintenant.","og_url":"https:\/\/educaswiss.ch\/fr\/quels-sont-les-avantages-du-coaching-propose-par-educa-swiss\/","og_site_name":"EDUCA SWISS","article_modified_time":"2025-02-19T14:33:48+00:00","og_image":[{"width":1200,"height":675,"url":"https:\/\/educaswiss.ch\/wp-content\/uploads\/2020\/12\/educaswiss-preview.jpg","type":"image\/jpeg"}],"twitter_card":"summary_large_image","twitter_misc":{"Dur\u00e9e de lecture estim\u00e9e":"1 minute"},"schema":{"@context":"https:\/\/schema.org","@graph":[{"@type":"WebPage","@id":"https:\/\/educaswiss.ch\/fr\/quels-sont-les-avantages-du-coaching-propose-par-educa-swiss\/","url":"https:\/\/educaswiss.ch\/fr\/quels-sont-les-avantages-du-coaching-propose-par-educa-swiss\/","name":"Quels sont les avantages du coaching propos\u00e9 par EDUCA SWISS ? &#8211; EDUCA SWISS","isPartOf":{"@id":"https:\/\/educaswiss.ch\/fr\/#website"},"datePublished":"2025-02-19T14:16:09+00:00","dateModified":"2025-02-19T14:33:48+00:00","breadcrumb":{"@id":"https:\/\/educaswiss.ch\/fr\/quels-sont-les-avantages-du-coaching-propose-par-educa-swiss\/#breadcrumb"},"inLanguage":"fr-FR","potentialAction":[{"@type":"ReadAction","target":["https:\/\/educaswiss.ch\/fr\/quels-sont-les-avantages-du-coaching-propose-par-educa-swiss\/"]}]},{"@type":"BreadcrumbList","@id":"https:\/\/educaswiss.ch\/fr\/quels-sont-les-avantages-du-coaching-propose-par-educa-swiss\/#breadcrumb","itemListElement":[{"@type":"ListItem","position":1,"name":"Startseite","item":"https:\/\/educaswiss.ch\/fr\/"},{"@type":"ListItem","position":2,"name":"Quels sont les avantages du coaching propos\u00e9 par EDUCA SWISS ?"}]},{"@type":"WebSite","@id":"https:\/\/educaswiss.ch\/fr\/#website","url":"https:\/\/educaswiss.ch\/fr\/","name":"EDUCA SWISS","description":"","publisher":{"@id":"https:\/\/educaswiss.ch\/fr\/#organization"},"potentialAction":[{"@type":"SearchAction","target":{"@type":"EntryPoint","urlTemplate":"https:\/\/educaswiss.ch\/fr\/?s={search_term_string}"},"query-input":{"@type":"PropertyValueSpecification","valueRequired":true,"valueName":"search_term_string"}}],"inLanguage":"fr-FR"},{"@type":"Organization","@id":"https:\/\/educaswiss.ch\/fr\/#organization","name":"EDUCA SWISS","url":"https:\/\/educaswiss.ch\/fr\/","logo":{"@type":"ImageObject","inLanguage":"fr-FR","@id":"https:\/\/educaswiss.ch\/fr\/#\/schema\/logo\/image\/","url":"https:\/\/educaswiss.ch\/wp-content\/uploads\/2020\/12\/educaswiss_ungewinkelt_rot_32-punkte.png","contentUrl":"https:\/\/educaswiss.ch\/wp-content\/uploads\/2020\/12\/educaswiss_ungewinkelt_rot_32-punkte.png","width":194,"height":108,"caption":"EDUCA SWISS"},"image":{"@id":"https:\/\/educaswiss.ch\/fr\/#\/schema\/logo\/image\/"}}]}},"_links":{"self":[{"href":"https:\/\/educaswiss.ch\/fr\/wp-json\/wp\/v2\/pages\/8770","targetHints":{"allow":["GET"]}}],"collection":[{"href":"https:\/\/educaswiss.ch\/fr\/wp-json\/wp\/v2\/pages"}],"about":[{"href":"https:\/\/educaswiss.ch\/fr\/wp-json\/wp\/v2\/types\/page"}],"author":[{"embeddable":true,"href":"https:\/\/educaswiss.ch\/fr\/wp-json\/wp\/v2\/users\/3"}],"replies":[{"embeddable":true,"href":"https:\/\/educaswiss.ch\/fr\/wp-json\/wp\/v2\/comments?post=8770"}],"version-history":[{"count":1,"href":"https:\/\/educaswiss.ch\/fr\/wp-json\/wp\/v2\/pages\/8770\/revisions"}],"predecessor-version":[{"id":8771,"href":"https:\/\/educaswiss.ch\/fr\/wp-json\/wp\/v2\/pages\/8770\/revisions\/8771"}],"wp:attachment":[{"href":"https:\/\/educaswiss.ch\/fr\/wp-json\/wp\/v2\/media?parent=8770"}],"curies":[{"name":"wp","href":"https:\/\/api.w.org\/{rel}","templated":true}]}}