{"id":7791,"date":"2024-10-01T11:56:46","date_gmt":"2024-10-01T09:56:46","guid":{"rendered":"https:\/\/educaswiss.ch\/?page_id=7791"},"modified":"2026-02-17T14:49:18","modified_gmt":"2026-02-17T13:49:18","slug":"offres-demploi-actuelles","status":"publish","type":"page","link":"https:\/\/educaswiss.ch\/fr\/offres-demploi-actuelles\/","title":{"rendered":"Emploi"},"content":{"rendered":"\n<figure class=\"wp-block-embed is-type-wp-embed is-provider-educa-swiss wp-block-embed-educa-swiss\"><div class=\"wp-block-embed__wrapper\">\n<blockquote class=\"wp-embedded-content\" data-secret=\"RUCaPvJpqs\"><a href=\"https:\/\/educaswiss.ch\/fr\/2026\/02\/17\/responsable-de-lacquisition-et-du-suivi-des-donateurs-80-100\/\">Responsable de l\u2019acquisition et du suivi des donateurs (80\u2013100 %)<\/a><\/blockquote><iframe loading=\"lazy\" class=\"wp-embedded-content\" sandbox=\"allow-scripts\" security=\"restricted\" style=\"position: absolute; visibility: hidden;\" title=\"\u00ab\u00a0Responsable de l\u2019acquisition et du suivi des donateurs (80\u2013100 %)\u00a0\u00bb &#8212; EDUCA SWISS\" src=\"https:\/\/educaswiss.ch\/fr\/2026\/02\/17\/responsable-de-lacquisition-et-du-suivi-des-donateurs-80-100\/embed\/#?secret=kcMAAI3BlS#?secret=RUCaPvJpqs\" data-secret=\"RUCaPvJpqs\" width=\"600\" height=\"338\" frameborder=\"0\" marginwidth=\"0\" marginheight=\"0\" scrolling=\"no\"><\/iframe>\n<\/div><\/figure>\n\n\n\n<figure class=\"wp-block-embed is-type-wp-embed is-provider-educa-swiss wp-block-embed-educa-swiss\"><div class=\"wp-block-embed__wrapper\">\n<blockquote class=\"wp-embedded-content\" data-secret=\"lqvCvIbbvT\"><a href=\"https:\/\/educaswiss.ch\/fr\/2024\/08\/08\/educa-swiss-recherche-des-coachs-engages-pour-un-benevolat-flexible-10\/\">Promouvoir l&rsquo;\u00e9ducation, transformer des parcours de vie : EDUCA SWISS recherche des coaches pour un b\u00e9n\u00e9volat flexible (10%)<\/a><\/blockquote><iframe loading=\"lazy\" class=\"wp-embedded-content\" sandbox=\"allow-scripts\" security=\"restricted\" style=\"position: absolute; visibility: hidden;\" title=\"\u00ab\u00a0Promouvoir l&rsquo;\u00e9ducation, transformer des parcours de vie : EDUCA SWISS recherche des coaches pour un b\u00e9n\u00e9volat flexible (10%)\u00a0\u00bb &#8212; EDUCA SWISS\" src=\"https:\/\/educaswiss.ch\/fr\/2024\/08\/08\/educa-swiss-recherche-des-coachs-engages-pour-un-benevolat-flexible-10\/embed\/#?secret=mRDpmzIMlu#?secret=lqvCvIbbvT\" data-secret=\"lqvCvIbbvT\" width=\"600\" height=\"338\" frameborder=\"0\" marginwidth=\"0\" marginheight=\"0\" scrolling=\"no\"><\/iframe>\n<\/div><\/figure>\n\n\n\n<p><\/p>\n","protected":false},"excerpt":{"rendered":"","protected":false},"author":3,"featured_media":0,"parent":0,"menu_order":0,"comment_status":"closed","ping_status":"closed","template":"","meta":{"_acf_changed":false,"hide_page_title":"","_coblocks_attr":"","_coblocks_dimensions":"","_coblocks_responsive_height":"","_coblocks_accordion_ie_support":"","footnotes":""},"class_list":["post-7791","page","type-page","status-publish","hentry"],"acf":[],"yoast_head":"<!-- This site is optimized with the Yoast SEO plugin v27.4 - https:\/\/yoast.com\/product\/yoast-seo-wordpress\/ -->\n<title>Emploi &#8211; EDUCA SWISS<\/title>\n<meta name=\"robots\" content=\"index, follow, max-snippet:-1, max-image-preview:large, max-video-preview:-1\" \/>\n<link rel=\"canonical\" href=\"https:\/\/educaswiss.ch\/fr\/offres-demploi-actuelles\/\" \/>\n<meta property=\"og:locale\" content=\"fr_FR\" \/>\n<meta property=\"og:type\" content=\"article\" \/>\n<meta property=\"og:title\" content=\"Emploi &#8211; EDUCA SWISS\" \/>\n<meta property=\"og:url\" content=\"https:\/\/educaswiss.ch\/fr\/offres-demploi-actuelles\/\" \/>\n<meta property=\"og:site_name\" content=\"EDUCA SWISS\" \/>\n<meta property=\"article:modified_time\" content=\"2026-02-17T13:49:18+00:00\" \/>\n<meta property=\"og:image\" content=\"https:\/\/educaswiss.ch\/wp-content\/uploads\/2020\/12\/educaswiss-preview.jpg\" \/>\n\t<meta property=\"og:image:width\" content=\"1200\" \/>\n\t<meta property=\"og:image:height\" content=\"675\" \/>\n\t<meta property=\"og:image:type\" content=\"image\/jpeg\" \/>\n<meta name=\"twitter:card\" content=\"summary_large_image\" \/>\n<meta name=\"twitter:label1\" content=\"Dur\u00e9e de lecture estim\u00e9e\" \/>\n\t<meta name=\"twitter:data1\" content=\"1 minute\" \/>\n<script type=\"application\/ld+json\" class=\"yoast-schema-graph\">{\"@context\":\"https:\\\/\\\/schema.org\",\"@graph\":[{\"@type\":\"WebPage\",\"@id\":\"https:\\\/\\\/educaswiss.ch\\\/fr\\\/offres-demploi-actuelles\\\/\",\"url\":\"https:\\\/\\\/educaswiss.ch\\\/fr\\\/offres-demploi-actuelles\\\/\",\"name\":\"Emploi &#8211; EDUCA SWISS\",\"isPartOf\":{\"@id\":\"https:\\\/\\\/educaswiss.ch\\\/fr\\\/#website\"},\"datePublished\":\"2024-10-01T09:56:46+00:00\",\"dateModified\":\"2026-02-17T13:49:18+00:00\",\"breadcrumb\":{\"@id\":\"https:\\\/\\\/educaswiss.ch\\\/fr\\\/offres-demploi-actuelles\\\/#breadcrumb\"},\"inLanguage\":\"fr-FR\",\"potentialAction\":[{\"@type\":\"ReadAction\",\"target\":[\"https:\\\/\\\/educaswiss.ch\\\/fr\\\/offres-demploi-actuelles\\\/\"]}]},{\"@type\":\"BreadcrumbList\",\"@id\":\"https:\\\/\\\/educaswiss.ch\\\/fr\\\/offres-demploi-actuelles\\\/#breadcrumb\",\"itemListElement\":[{\"@type\":\"ListItem\",\"position\":1,\"name\":\"Startseite\",\"item\":\"https:\\\/\\\/educaswiss.ch\\\/fr\\\/\"},{\"@type\":\"ListItem\",\"position\":2,\"name\":\"Emploi\"}]},{\"@type\":\"WebSite\",\"@id\":\"https:\\\/\\\/educaswiss.ch\\\/fr\\\/#website\",\"url\":\"https:\\\/\\\/educaswiss.ch\\\/fr\\\/\",\"name\":\"EDUCA SWISS\",\"description\":\"\",\"publisher\":{\"@id\":\"https:\\\/\\\/educaswiss.ch\\\/fr\\\/#organization\"},\"potentialAction\":[{\"@type\":\"SearchAction\",\"target\":{\"@type\":\"EntryPoint\",\"urlTemplate\":\"https:\\\/\\\/educaswiss.ch\\\/fr\\\/?s={search_term_string}\"},\"query-input\":{\"@type\":\"PropertyValueSpecification\",\"valueRequired\":true,\"valueName\":\"search_term_string\"}}],\"inLanguage\":\"fr-FR\"},{\"@type\":\"Organization\",\"@id\":\"https:\\\/\\\/educaswiss.ch\\\/fr\\\/#organization\",\"name\":\"EDUCA SWISS\",\"url\":\"https:\\\/\\\/educaswiss.ch\\\/fr\\\/\",\"logo\":{\"@type\":\"ImageObject\",\"inLanguage\":\"fr-FR\",\"@id\":\"https:\\\/\\\/educaswiss.ch\\\/fr\\\/#\\\/schema\\\/logo\\\/image\\\/\",\"url\":\"https:\\\/\\\/educaswiss.ch\\\/wp-content\\\/uploads\\\/2020\\\/12\\\/educaswiss_ungewinkelt_rot_32-punkte.png\",\"contentUrl\":\"https:\\\/\\\/educaswiss.ch\\\/wp-content\\\/uploads\\\/2020\\\/12\\\/educaswiss_ungewinkelt_rot_32-punkte.png\",\"width\":194,\"height\":108,\"caption\":\"EDUCA SWISS\"},\"image\":{\"@id\":\"https:\\\/\\\/educaswiss.ch\\\/fr\\\/#\\\/schema\\\/logo\\\/image\\\/\"}}]}<\/script>\n<!-- \/ Yoast SEO plugin. -->","yoast_head_json":{"title":"Emploi &#8211; EDUCA SWISS","robots":{"index":"index","follow":"follow","max-snippet":"max-snippet:-1","max-image-preview":"max-image-preview:large","max-video-preview":"max-video-preview:-1"},"canonical":"https:\/\/educaswiss.ch\/fr\/offres-demploi-actuelles\/","og_locale":"fr_FR","og_type":"article","og_title":"Emploi &#8211; EDUCA SWISS","og_url":"https:\/\/educaswiss.ch\/fr\/offres-demploi-actuelles\/","og_site_name":"EDUCA SWISS","article_modified_time":"2026-02-17T13:49:18+00:00","og_image":[{"width":1200,"height":675,"url":"https:\/\/educaswiss.ch\/wp-content\/uploads\/2020\/12\/educaswiss-preview.jpg","type":"image\/jpeg"}],"twitter_card":"summary_large_image","twitter_misc":{"Dur\u00e9e de lecture estim\u00e9e":"1 minute"},"schema":{"@context":"https:\/\/schema.org","@graph":[{"@type":"WebPage","@id":"https:\/\/educaswiss.ch\/fr\/offres-demploi-actuelles\/","url":"https:\/\/educaswiss.ch\/fr\/offres-demploi-actuelles\/","name":"Emploi &#8211; EDUCA SWISS","isPartOf":{"@id":"https:\/\/educaswiss.ch\/fr\/#website"},"datePublished":"2024-10-01T09:56:46+00:00","dateModified":"2026-02-17T13:49:18+00:00","breadcrumb":{"@id":"https:\/\/educaswiss.ch\/fr\/offres-demploi-actuelles\/#breadcrumb"},"inLanguage":"fr-FR","potentialAction":[{"@type":"ReadAction","target":["https:\/\/educaswiss.ch\/fr\/offres-demploi-actuelles\/"]}]},{"@type":"BreadcrumbList","@id":"https:\/\/educaswiss.ch\/fr\/offres-demploi-actuelles\/#breadcrumb","itemListElement":[{"@type":"ListItem","position":1,"name":"Startseite","item":"https:\/\/educaswiss.ch\/fr\/"},{"@type":"ListItem","position":2,"name":"Emploi"}]},{"@type":"WebSite","@id":"https:\/\/educaswiss.ch\/fr\/#website","url":"https:\/\/educaswiss.ch\/fr\/","name":"EDUCA SWISS","description":"","publisher":{"@id":"https:\/\/educaswiss.ch\/fr\/#organization"},"potentialAction":[{"@type":"SearchAction","target":{"@type":"EntryPoint","urlTemplate":"https:\/\/educaswiss.ch\/fr\/?s={search_term_string}"},"query-input":{"@type":"PropertyValueSpecification","valueRequired":true,"valueName":"search_term_string"}}],"inLanguage":"fr-FR"},{"@type":"Organization","@id":"https:\/\/educaswiss.ch\/fr\/#organization","name":"EDUCA SWISS","url":"https:\/\/educaswiss.ch\/fr\/","logo":{"@type":"ImageObject","inLanguage":"fr-FR","@id":"https:\/\/educaswiss.ch\/fr\/#\/schema\/logo\/image\/","url":"https:\/\/educaswiss.ch\/wp-content\/uploads\/2020\/12\/educaswiss_ungewinkelt_rot_32-punkte.png","contentUrl":"https:\/\/educaswiss.ch\/wp-content\/uploads\/2020\/12\/educaswiss_ungewinkelt_rot_32-punkte.png","width":194,"height":108,"caption":"EDUCA SWISS"},"image":{"@id":"https:\/\/educaswiss.ch\/fr\/#\/schema\/logo\/image\/"}}]}},"_links":{"self":[{"href":"https:\/\/educaswiss.ch\/fr\/wp-json\/wp\/v2\/pages\/7791","targetHints":{"allow":["GET"]}}],"collection":[{"href":"https:\/\/educaswiss.ch\/fr\/wp-json\/wp\/v2\/pages"}],"about":[{"href":"https:\/\/educaswiss.ch\/fr\/wp-json\/wp\/v2\/types\/page"}],"author":[{"embeddable":true,"href":"https:\/\/educaswiss.ch\/fr\/wp-json\/wp\/v2\/users\/3"}],"replies":[{"embeddable":true,"href":"https:\/\/educaswiss.ch\/fr\/wp-json\/wp\/v2\/comments?post=7791"}],"version-history":[{"count":7,"href":"https:\/\/educaswiss.ch\/fr\/wp-json\/wp\/v2\/pages\/7791\/revisions"}],"predecessor-version":[{"id":9284,"href":"https:\/\/educaswiss.ch\/fr\/wp-json\/wp\/v2\/pages\/7791\/revisions\/9284"}],"wp:attachment":[{"href":"https:\/\/educaswiss.ch\/fr\/wp-json\/wp\/v2\/media?parent=7791"}],"curies":[{"name":"wp","href":"https:\/\/api.w.org\/{rel}","templated":true}]}}