{"id":1689,"date":"2020-11-25T18:03:20","date_gmt":"2020-11-25T17:03:20","guid":{"rendered":"https:\/\/educaswiss.ch\/medien-corner\/"},"modified":"2025-09-08T11:07:13","modified_gmt":"2025-09-08T09:07:13","slug":"https-educaswiss-ch-fr-coin-medias","status":"publish","type":"page","link":"https:\/\/educaswiss.ch\/fr\/https-educaswiss-ch-fr-coin-medias\/","title":{"rendered":"Coin m\u00e9dias"},"content":{"rendered":"\n<div class=\"wp-block-group alignfull has-huge-padding\"><div class=\"wp-block-group__inner-container is-layout-flow wp-block-group-is-layout-flow\">\n<h1 class=\"wp-block-heading has-text-align-center\" id=\"coin-medias\">Coin m\u00e9dias<\/h1>\n\n\n      <div class=\"team-section alignwide\">\n        <div class=\"team-member team-member--single\">\n          <div class=\"team-member__image\">\n                      <\/div>\n          <div class=\"team-member__content\">\n            <h3> <\/h3>\n                                              <\/div>\n        <\/div>\n      <\/div><!-- \/.team-section -->\n    \n\n      <div class=\"team-section alignwide\">\n        <div class=\"team-member team-member--single\">\n          <div class=\"team-member__image\">\n            <img loading=\"lazy\" decoding=\"async\" width=\"1257\" height=\"1266\" src=\"https:\/\/educaswiss.ch\/wp-content\/uploads\/2020\/11\/Simon-Merki_Geschaeftsfuehrer-EDUCA-SWISS-1.jpeg\" class=\"attachment-post-thumbnail size-post-thumbnail wp-post-image\" alt=\"\" srcset=\"https:\/\/educaswiss.ch\/wp-content\/uploads\/2020\/11\/Simon-Merki_Geschaeftsfuehrer-EDUCA-SWISS-1.jpeg 1257w, https:\/\/educaswiss.ch\/wp-content\/uploads\/2020\/11\/Simon-Merki_Geschaeftsfuehrer-EDUCA-SWISS-1-298x300.jpeg 298w, https:\/\/educaswiss.ch\/wp-content\/uploads\/2020\/11\/Simon-Merki_Geschaeftsfuehrer-EDUCA-SWISS-1-1017x1024.jpeg 1017w, https:\/\/educaswiss.ch\/wp-content\/uploads\/2020\/11\/Simon-Merki_Geschaeftsfuehrer-EDUCA-SWISS-1-150x150.jpeg 150w, https:\/\/educaswiss.ch\/wp-content\/uploads\/2020\/11\/Simon-Merki_Geschaeftsfuehrer-EDUCA-SWISS-1-768x773.jpeg 768w\" sizes=\"auto, (max-width: 1257px) 100vw, 1257px\" \/>          <\/div>\n          <div class=\"team-member__content\">\n            <h3>Simon Merki <\/h3>\n                          <h4>Directeur et d\u00e9l\u00e9gu\u00e9 du conseil de la fondation<\/h4>\n                                                  <div class=\"team-member__contact\">\n                <p><a href=\"tel:+41 41 541 84 55\">+41 41 541 84 55<\/a><br \/>\n<a href=\"mailto:simon.merki@educaswiss.ch\">simon.merki@educaswiss.ch<\/a><\/p>\n              <\/div>\n                      <\/div>\n        <\/div>\n      <\/div><!-- \/.team-section -->\n    \n\n      <div class=\"team-section alignwide\">\n        <div class=\"team-member team-member--single\">\n          <div class=\"team-member__image\">\n                      <\/div>\n          <div class=\"team-member__content\">\n            <h3> <\/h3>\n                                              <\/div>\n        <\/div>\n      <\/div><!-- \/.team-section -->\n    <\/div><\/div>\n\n\n\n<div class=\"wp-block-group alignfull has-huge-padding has-grey-light-background-color has-background\"><div class=\"wp-block-group__inner-container is-layout-flow wp-block-group-is-layout-flow\">\n<h3 class=\"wp-block-heading\" id=\"communiques-de-presse\">Communiqu\u00e9s de presse<\/h3>\n\n\n\n<ul class=\"wp-block-list\">\n<li>19 f\u00e9vrier 2024 : <a href=\"https:\/\/educaswiss.ch\/wp-content\/uploads\/2024\/02\/Communique-de-presse_Le-succes-du-coaching-depasse-les-fonds-disponibles-pour-les-prets-de-formation.pdf\" target=\"_blank\" rel=\"noreferrer noopener\">Le succ\u00e8s du coaching d\u00e9passe les fonds disponibles pour les pr\u00eats de formation <\/a><\/li>\n\n\n\n<li>9 f\u00e9vrier 2021 : <a href=\"https:\/\/educaswiss.ch\/fr\/2021\/02\/09\/prets-de-formation-durgence-educa-swiss-accorde-de-nouveaux-prets-corona\/\">Pr\u00eats de formation d\u2019urgence : EDUCA SWISS accorde de nouveaux \u00ab pr\u00eats corona \u00bb<\/a><\/li>\n\n\n\n<li>30. April 2020: <a href=\"https:\/\/educaswiss.ch\/wp-content\/uploads\/2020\/12\/200429_Covid-19-Fonds_EDUCA-SWISS_MM.pdf\" target=\"_blank\" rel=\"noreferrer noopener\">Notfall-Bildungsdarlehen: EDUCA SWISS vergibt Covid-19-Darlehen<\/a><\/li>\n<\/ul>\n\n\n\n<h3 class=\"wp-block-heading\" id=\"rapport-annuel-educa-swiss\">Rapport annuel EDUCA SWISS<\/h3>\n\n\n\n<ul class=\"wp-block-list\">\n<li><a href=\"https:\/\/educaswiss.ch\/wp-content\/uploads\/2025\/09\/250902_EDUCA-Wirkungsbericht-2024_rgb_FR-kl.pdf\" target=\"_blank\" rel=\"noreferrer noopener\">Rapport d&rsquo;impact 2024<\/a><\/li>\n\n\n\n<li><a href=\"https:\/\/educaswiss.ch\/wp-content\/uploads\/2024\/08\/EDUCA-SWISS-Rapport-dimpact-2023.pdf\" target=\"_blank\" rel=\"noreferrer noopener\">Rapport d&rsquo;impact 2023<\/a><\/li>\n\n\n\n<li><a href=\"https:\/\/educaswiss.ch\/wp-content\/uploads\/2023\/07\/EDUCA-SWISS-Wirkungsbericht-2022.pdf\" target=\"_blank\" rel=\"noreferrer noopener\">Rapport d&rsquo;impact 2022<\/a> (en allemand)<\/li>\n\n\n\n<li><a href=\"https:\/\/educaswiss.ch\/wp-content\/uploads\/2022\/08\/220817_digital_EDUCA-Wirkungsbericht-2021_RGB_200dpi_digitale_Verwendung.pdf\" target=\"_blank\" rel=\"noreferrer noopener\">Rapport d&rsquo;impact 2021<\/a> (en allemand)<\/li>\n\n\n\n<li><a href=\"https:\/\/educaswiss.ch\/wp-content\/uploads\/2021\/08\/EDUCA-SWISS-Wirkungsbericht-2020.pdf\" target=\"_blank\" rel=\"noreferrer noopener\">Rapport d&rsquo;impact 2020<\/a> (en allemand)<\/li>\n\n\n\n<li><a href=\"https:\/\/educaswiss.ch\/wp-content\/uploads\/2020\/12\/educa-swiss-wirkungsbericht-inkl-jahresabschluss-2019.pdf\" target=\"_blank\" rel=\"noreferrer noopener\">Rapport d&rsquo;impact 2019<\/a> (en allemand)<\/li>\n\n\n\n<li><a href=\"https:\/\/educaswiss.ch\/wp-content\/uploads\/2020\/12\/educa-swiss-wirkungsbericht-2018.pdf\" target=\"_blank\" rel=\"noreferrer noopener\">Rapport d&rsquo;impact 2018<\/a> (en allemand)<\/li>\n\n\n\n<li><a href=\"https:\/\/educaswiss.ch\/wp-content\/uploads\/2020\/12\/educa-swiss-wirkungsbericht-2017.pdf\" target=\"_blank\" rel=\"noreferrer noopener\">Rapport d&rsquo;impact 2017<\/a> (en allemand)<\/li>\n<\/ul>\n\n\n\n<h3 class=\"wp-block-heading\" id=\"medienspiegel\">Medienspiegel<\/h3>\n\n\n\n<ul class=\"wp-block-list\">\n<li><a href=\"https:\/\/www.risingtide-foundation.org\/news\/detail\/realizing-education-dreams-in-switzerland-an-interview-with-educa-swiss-ceo-simon-merki\" target=\"_blank\" rel=\"noreferrer noopener\">Realizing Education Dreams in Switzerland: An interview with EDUCA SWISS CEO Simon Merki.<\/a> Rising Tide Foundation. 08.05.2023<\/li>\n\n\n\n<li><a href=\"https:\/\/www.fritzundfraenzi.ch\/schule\/bildung-darf-kein-luxusgut-sein\/\" target=\"_blank\" rel=\"noreferrer noopener\">\u00abBildung darf kein Luxusgut sein\u00bb \u2013 Das Schweizer ElternMagazin Fritz+Fr\u00e4nzi<\/a>. In Das Schweizer Elternmagazin Fritz und Fr\u00e4nzi. Januar 2022<\/li>\n\n\n\n<li><a href=\"https:\/\/thephilanthropist.ch\/educa-swiss-neue-realitaet-soll-neue-chance-fuer-alle-bedeuten\/\" target=\"_blank\" rel=\"noreferrer noopener\">EDUCA SWISS: \u00abNeue Realit\u00e4t\u00bb soll \u00abneue Chance f\u00fcr alle\u00bb bedeuten<\/a>. In THE PHILANTROPIST. September 2021<\/li>\n\n\n\n<li><a href=\"https:\/\/educaswiss.ch\/wp-content\/uploads\/2021\/06\/210614_DieStiftungSchweiz_Zusammenfinden.pdf\">Zusammenfinden<\/a>. In: Die Stiftung Schweiz \u2013 Magazin f\u00fcr Stiftungswesen und Philanthropie. Mai 2021<\/li>\n\n\n\n<li><a href=\"https:\/\/www.blick.ch\/politik\/wegen-der-krise-ploetzlich-in-geldnot-politiker-fordern-corona-nothilfe-fuer-studenten-id16415077.html\">Corona-Krise: Politiker fordern Nothilfe f\u00fcr Studenten<\/a>. In: Blick. 22.02.2021<\/li>\n\n\n\n<li><a href=\"https:\/\/www.rts.ch\/play\/radio\/la-matinale\/audio\/la-matinale-presentee-par-valerie-hauert?id=12020731&amp;startTime=104\">La Matinale \u2013 Pr\u00e9sent\u00e9e par Val\u00e9rie Hauert.<\/a>&nbsp;In: RTS. 12.03.2021<\/li>\n\n\n\n<li><a href=\"https:\/\/www.nau.ch\/news\/schweiz\/studenten-fordern-in-brief-an-bundesrat-finanzielle-hilfe-65886026\" target=\"_blank\" rel=\"noreferrer noopener\">Studenten fordern in Brief an Bundesrat finanzielle Hilfe.<\/a>&nbsp;In: Nau.ch. 11.03.2021<\/li>\n\n\n\n<li><a href=\"https:\/\/www.20min.ch\/story\/es-droht-eine-welle-von-studienabbruechen-776399889745\" target=\"_blank\" rel=\"noreferrer noopener\">\u201cEs droht eine Welle von Studienabbr\u00fcchen.\u201d<\/a>&nbsp;In: 20 Minuten. 05.03.2021<\/li>\n\n\n\n<li><a href=\"https:\/\/www.20min.ch\/story\/wegen-der-corona-krise-musste-ich-fast-mein-studium-abbrechen-779089306727\" target=\"_blank\" rel=\"noreferrer noopener\">Studierende in Not: \u201cWegen der Corona-Krise musste ich fast mein Studium abbrechen.\u201d<\/a>&nbsp;In: 20 Minuten. 05.03.2021<\/li>\n\n\n\n<li><a href=\"https:\/\/www.srf.ch\/news\/wirtschaft\/weniger-nebenjobs-lockdown-bringt-studierende-in-finanznot?wt_mc_o=srf.share.app.srf-app.unknown\" target=\"_blank\" rel=\"noreferrer noopener\">Weniger Nebenjobs \u2013 Lockdown bringt Studierende in Not<\/a>. In: SRF 10 vor 10. 10.02.2021<\/li>\n\n\n\n<li><a href=\"https:\/\/seniorin.seniorweb.ch\/2020\/10\/02\/mit-dem-geleisteten-anderen-eine-chancen-geben\/?fbclid=IwAR3BVnX3DzRetazjWMpoifP-741mScWBtV6omtzqiO854hdxmcowPrO1_yI\" target=\"_blank\" rel=\"noreferrer noopener\">Mit dem Geleisteten anderen eine Chance geben<\/a>. In: Seniorin. 02.10.2020<\/li>\n\n\n\n<li><a href=\"https:\/\/www.facebook.com\/111538706006545\/posts\/579599659200445\/?vh=e&amp;d=n\" target=\"_blank\" rel=\"noreferrer noopener\">Covid-19 Notfonds von EDUCA SWISS<\/a>. In Kapaw. 20.05.2020<\/li>\n\n\n\n<li><a href=\"https:\/\/nzzas.nzz.ch\/hintergrund\/das-coronavirus-und-die-jugendlichen-und-wer-denkt-an-uns-ld.1554659?reduced=true\" target=\"_blank\" rel=\"noreferrer noopener\">Generation Corona: Die Jungen trifft die Pandemie besonders hart<\/a>. In NZZ am Sonntag. 02.05.2020<\/li>\n\n\n\n<li><a href=\"https:\/\/www.tagesanzeiger.ch\/zuerich\/stadt\/darlehen-als-alternative-zum-stipendium\/story\/23929658\" target=\"_blank\" rel=\"noreferrer noopener\">Darlehen als Alternative zum Stipendium<\/a>. In: Tages-Anzeiger. 28.08.2019<\/li>\n<\/ul>\n\n\n\n<h3 class=\"wp-block-heading\" id=\"educa-swiss-logo\">EDUCA SWISS Logo <\/h3>\n\n\n\n<div class=\"wp-block-buttons is-layout-flex wp-block-buttons-is-layout-flex\">\n<div class=\"wp-block-button is-style-arrow\"><a class=\"wp-block-button__link wp-element-button\" href=\"https:\/\/educaswiss.ch\/wp-content\/uploads\/2020\/12\/EDUCA-SWISS-Logo.zip\" target=\"_blank\" rel=\"noreferrer noopener\">Logo in verschiedenen Formaten<\/a><\/div>\n<\/div>\n<\/div><\/div>\n\n\n\n<div class=\"wp-block-group alignwide has-huge-padding\" id=\"download\"><div class=\"wp-block-group__inner-container is-layout-flow wp-block-group-is-layout-flow\">\n<h3 class=\"wp-block-heading has-4-xl-font-size\" id=\"downloads\">Downloads<\/h3>\n\n\n\n<h3 class=\"wp-block-heading\" id=\"prets-de-formation\"><strong>Pr\u00eats de formation<\/strong><\/h3>\n\n\n\n<ul id=\"block-c9797454-8445-4d73-b6ba-f2ec27325d26\" class=\"wp-block-list\">\n<li><a href=\"https:\/\/educaswiss.ch\/wp-content\/uploads\/2021\/03\/Contrat-pour-loctroi-dun-pret-de-formation.pdf\">Contrat pour l&rsquo;octroi d&rsquo;un pr\u00eat de formation<\/a><\/li>\n\n\n\n<li><a href=\"https:\/\/educaswiss.ch\/fr\/2022\/11\/08\/combien-coute-un-pret-de-formation-chez-educa-swiss\/\">Syst\u00e8me de tarification<\/a><\/li>\n<\/ul>\n\n\n\n<h3 class=\"wp-block-heading\" id=\"a-propos\">\u00c0 propos<\/h3>\n\n\n\n<ul class=\"wp-block-list\">\n<li><a href=\"https:\/\/educaswiss.ch\/wp-content\/uploads\/2020\/12\/educa-swiss-stiftungsreglement.pdf\" target=\"_blank\" rel=\"noreferrer noopener\">Stiftungsreglement<\/a><\/li>\n<\/ul>\n<\/div><\/div>\n","protected":false},"excerpt":{"rendered":"<p>Coin m\u00e9dias Communiqu\u00e9s de presse Rapport annuel EDUCA SWISS Medienspiegel EDUCA SWISS Logo Downloads Pr\u00eats de formation \u00c0 propos<\/p>\n","protected":false},"author":1,"featured_media":0,"parent":0,"menu_order":0,"comment_status":"closed","ping_status":"closed","template":"","meta":{"_acf_changed":false,"hide_page_title":"enabled","_coblocks_attr":"","_coblocks_dimensions":"","_coblocks_responsive_height":"","_coblocks_accordion_ie_support":"","footnotes":""},"class_list":["post-1689","page","type-page","status-publish","hentry"],"acf":[],"yoast_head":"<!-- This site is optimized with the Yoast SEO plugin v27.3 - https:\/\/yoast.com\/product\/yoast-seo-wordpress\/ -->\n<title>Coin m\u00e9dias &#8211; EDUCA SWISS<\/title>\n<meta name=\"description\" content=\"Finden Sie hier weiterf\u00fchrende Links und Downloads.\" \/>\n<meta name=\"robots\" content=\"index, follow, max-snippet:-1, max-image-preview:large, max-video-preview:-1\" \/>\n<link rel=\"canonical\" href=\"https:\/\/educaswiss.ch\/fr\/https-educaswiss-ch-fr-coin-medias\/\" \/>\n<meta property=\"og:locale\" content=\"fr_FR\" \/>\n<meta property=\"og:type\" content=\"article\" \/>\n<meta property=\"og:title\" content=\"Coin m\u00e9dias &#8211; EDUCA SWISS\" \/>\n<meta property=\"og:description\" content=\"Finden Sie hier weiterf\u00fchrende Links und Downloads.\" \/>\n<meta property=\"og:url\" content=\"https:\/\/educaswiss.ch\/fr\/https-educaswiss-ch-fr-coin-medias\/\" \/>\n<meta property=\"og:site_name\" content=\"EDUCA SWISS\" \/>\n<meta property=\"article:modified_time\" content=\"2025-09-08T09:07:13+00:00\" \/>\n<meta property=\"og:image\" content=\"https:\/\/educaswiss.ch\/wp-content\/uploads\/2020\/12\/educaswiss-preview.jpg\" \/>\n\t<meta property=\"og:image:width\" content=\"1200\" \/>\n\t<meta property=\"og:image:height\" content=\"675\" \/>\n\t<meta property=\"og:image:type\" content=\"image\/jpeg\" \/>\n<meta name=\"twitter:card\" content=\"summary_large_image\" \/>\n<meta name=\"twitter:label1\" content=\"Dur\u00e9e de lecture estim\u00e9e\" \/>\n\t<meta name=\"twitter:data1\" content=\"2 minutes\" \/>\n<script type=\"application\/ld+json\" class=\"yoast-schema-graph\">{\"@context\":\"https:\\\/\\\/schema.org\",\"@graph\":[{\"@type\":\"WebPage\",\"@id\":\"https:\\\/\\\/educaswiss.ch\\\/fr\\\/https-educaswiss-ch-fr-coin-medias\\\/\",\"url\":\"https:\\\/\\\/educaswiss.ch\\\/fr\\\/https-educaswiss-ch-fr-coin-medias\\\/\",\"name\":\"Coin m\u00e9dias &#8211; EDUCA SWISS\",\"isPartOf\":{\"@id\":\"https:\\\/\\\/educaswiss.ch\\\/fr\\\/#website\"},\"datePublished\":\"2020-11-25T17:03:20+00:00\",\"dateModified\":\"2025-09-08T09:07:13+00:00\",\"description\":\"Finden Sie hier weiterf\u00fchrende Links und Downloads.\",\"breadcrumb\":{\"@id\":\"https:\\\/\\\/educaswiss.ch\\\/fr\\\/https-educaswiss-ch-fr-coin-medias\\\/#breadcrumb\"},\"inLanguage\":\"fr-FR\",\"potentialAction\":[{\"@type\":\"ReadAction\",\"target\":[\"https:\\\/\\\/educaswiss.ch\\\/fr\\\/https-educaswiss-ch-fr-coin-medias\\\/\"]}]},{\"@type\":\"BreadcrumbList\",\"@id\":\"https:\\\/\\\/educaswiss.ch\\\/fr\\\/https-educaswiss-ch-fr-coin-medias\\\/#breadcrumb\",\"itemListElement\":[{\"@type\":\"ListItem\",\"position\":1,\"name\":\"Startseite\",\"item\":\"https:\\\/\\\/educaswiss.ch\\\/fr\\\/\"},{\"@type\":\"ListItem\",\"position\":2,\"name\":\"Coin m\u00e9dias\"}]},{\"@type\":\"WebSite\",\"@id\":\"https:\\\/\\\/educaswiss.ch\\\/fr\\\/#website\",\"url\":\"https:\\\/\\\/educaswiss.ch\\\/fr\\\/\",\"name\":\"EDUCA SWISS\",\"description\":\"\",\"publisher\":{\"@id\":\"https:\\\/\\\/educaswiss.ch\\\/fr\\\/#organization\"},\"potentialAction\":[{\"@type\":\"SearchAction\",\"target\":{\"@type\":\"EntryPoint\",\"urlTemplate\":\"https:\\\/\\\/educaswiss.ch\\\/fr\\\/?s={search_term_string}\"},\"query-input\":{\"@type\":\"PropertyValueSpecification\",\"valueRequired\":true,\"valueName\":\"search_term_string\"}}],\"inLanguage\":\"fr-FR\"},{\"@type\":\"Organization\",\"@id\":\"https:\\\/\\\/educaswiss.ch\\\/fr\\\/#organization\",\"name\":\"EDUCA SWISS\",\"url\":\"https:\\\/\\\/educaswiss.ch\\\/fr\\\/\",\"logo\":{\"@type\":\"ImageObject\",\"inLanguage\":\"fr-FR\",\"@id\":\"https:\\\/\\\/educaswiss.ch\\\/fr\\\/#\\\/schema\\\/logo\\\/image\\\/\",\"url\":\"https:\\\/\\\/educaswiss.ch\\\/wp-content\\\/uploads\\\/2020\\\/12\\\/educaswiss_ungewinkelt_rot_32-punkte.png\",\"contentUrl\":\"https:\\\/\\\/educaswiss.ch\\\/wp-content\\\/uploads\\\/2020\\\/12\\\/educaswiss_ungewinkelt_rot_32-punkte.png\",\"width\":194,\"height\":108,\"caption\":\"EDUCA SWISS\"},\"image\":{\"@id\":\"https:\\\/\\\/educaswiss.ch\\\/fr\\\/#\\\/schema\\\/logo\\\/image\\\/\"}}]}<\/script>\n<!-- \/ Yoast SEO plugin. -->","yoast_head_json":{"title":"Coin m\u00e9dias &#8211; EDUCA SWISS","description":"Finden Sie hier weiterf\u00fchrende Links und Downloads.","robots":{"index":"index","follow":"follow","max-snippet":"max-snippet:-1","max-image-preview":"max-image-preview:large","max-video-preview":"max-video-preview:-1"},"canonical":"https:\/\/educaswiss.ch\/fr\/https-educaswiss-ch-fr-coin-medias\/","og_locale":"fr_FR","og_type":"article","og_title":"Coin m\u00e9dias &#8211; EDUCA SWISS","og_description":"Finden Sie hier weiterf\u00fchrende Links und Downloads.","og_url":"https:\/\/educaswiss.ch\/fr\/https-educaswiss-ch-fr-coin-medias\/","og_site_name":"EDUCA SWISS","article_modified_time":"2025-09-08T09:07:13+00:00","og_image":[{"width":1200,"height":675,"url":"https:\/\/educaswiss.ch\/wp-content\/uploads\/2020\/12\/educaswiss-preview.jpg","type":"image\/jpeg"}],"twitter_card":"summary_large_image","twitter_misc":{"Dur\u00e9e de lecture estim\u00e9e":"2 minutes"},"schema":{"@context":"https:\/\/schema.org","@graph":[{"@type":"WebPage","@id":"https:\/\/educaswiss.ch\/fr\/https-educaswiss-ch-fr-coin-medias\/","url":"https:\/\/educaswiss.ch\/fr\/https-educaswiss-ch-fr-coin-medias\/","name":"Coin m\u00e9dias &#8211; EDUCA SWISS","isPartOf":{"@id":"https:\/\/educaswiss.ch\/fr\/#website"},"datePublished":"2020-11-25T17:03:20+00:00","dateModified":"2025-09-08T09:07:13+00:00","description":"Finden Sie hier weiterf\u00fchrende Links und Downloads.","breadcrumb":{"@id":"https:\/\/educaswiss.ch\/fr\/https-educaswiss-ch-fr-coin-medias\/#breadcrumb"},"inLanguage":"fr-FR","potentialAction":[{"@type":"ReadAction","target":["https:\/\/educaswiss.ch\/fr\/https-educaswiss-ch-fr-coin-medias\/"]}]},{"@type":"BreadcrumbList","@id":"https:\/\/educaswiss.ch\/fr\/https-educaswiss-ch-fr-coin-medias\/#breadcrumb","itemListElement":[{"@type":"ListItem","position":1,"name":"Startseite","item":"https:\/\/educaswiss.ch\/fr\/"},{"@type":"ListItem","position":2,"name":"Coin m\u00e9dias"}]},{"@type":"WebSite","@id":"https:\/\/educaswiss.ch\/fr\/#website","url":"https:\/\/educaswiss.ch\/fr\/","name":"EDUCA SWISS","description":"","publisher":{"@id":"https:\/\/educaswiss.ch\/fr\/#organization"},"potentialAction":[{"@type":"SearchAction","target":{"@type":"EntryPoint","urlTemplate":"https:\/\/educaswiss.ch\/fr\/?s={search_term_string}"},"query-input":{"@type":"PropertyValueSpecification","valueRequired":true,"valueName":"search_term_string"}}],"inLanguage":"fr-FR"},{"@type":"Organization","@id":"https:\/\/educaswiss.ch\/fr\/#organization","name":"EDUCA SWISS","url":"https:\/\/educaswiss.ch\/fr\/","logo":{"@type":"ImageObject","inLanguage":"fr-FR","@id":"https:\/\/educaswiss.ch\/fr\/#\/schema\/logo\/image\/","url":"https:\/\/educaswiss.ch\/wp-content\/uploads\/2020\/12\/educaswiss_ungewinkelt_rot_32-punkte.png","contentUrl":"https:\/\/educaswiss.ch\/wp-content\/uploads\/2020\/12\/educaswiss_ungewinkelt_rot_32-punkte.png","width":194,"height":108,"caption":"EDUCA SWISS"},"image":{"@id":"https:\/\/educaswiss.ch\/fr\/#\/schema\/logo\/image\/"}}]}},"_links":{"self":[{"href":"https:\/\/educaswiss.ch\/fr\/wp-json\/wp\/v2\/pages\/1689","targetHints":{"allow":["GET"]}}],"collection":[{"href":"https:\/\/educaswiss.ch\/fr\/wp-json\/wp\/v2\/pages"}],"about":[{"href":"https:\/\/educaswiss.ch\/fr\/wp-json\/wp\/v2\/types\/page"}],"author":[{"embeddable":true,"href":"https:\/\/educaswiss.ch\/fr\/wp-json\/wp\/v2\/users\/1"}],"replies":[{"embeddable":true,"href":"https:\/\/educaswiss.ch\/fr\/wp-json\/wp\/v2\/comments?post=1689"}],"version-history":[{"count":15,"href":"https:\/\/educaswiss.ch\/fr\/wp-json\/wp\/v2\/pages\/1689\/revisions"}],"predecessor-version":[{"id":8994,"href":"https:\/\/educaswiss.ch\/fr\/wp-json\/wp\/v2\/pages\/1689\/revisions\/8994"}],"wp:attachment":[{"href":"https:\/\/educaswiss.ch\/fr\/wp-json\/wp\/v2\/media?parent=1689"}],"curies":[{"name":"wp","href":"https:\/\/api.w.org\/{rel}","templated":true}]}}