{"id":4399,"date":"2020-11-25T18:02:06","date_gmt":"2020-11-25T17:02:06","guid":{"rendered":"https:\/\/educaswiss.ch\/?page_id=4399"},"modified":"2025-09-15T11:44:29","modified_gmt":"2025-09-15T09:44:29","slug":"impressum","status":"publish","type":"page","link":"https:\/\/educaswiss.ch\/en\/impressum\/","title":{"rendered":"Impressum"},"content":{"rendered":"\n<p><mark style=\"background-color:rgba(0, 0, 0, 0);color:#D52B1E\" class=\"has-inline-color\"><strong>EDUCA SWISS<\/strong><br><\/mark>Swiss Foundation for the Promotion and Financing of Education<br>6003 Luzern<\/p>\n\n\n\n<p>Office Z\u00fcrich: Breitingerstrasse 35, 8002 Z\u00fcrich<\/p>\n\n\n\n<p><a href=\"mailto:mail@educaswiss.ch\">mail@educaswiss.ch<\/a><\/p>\n\n\n\n<hr class=\"wp-block-separator has-css-opacity\"\/>\n\n\n\n<h4 class=\"wp-block-heading has-m-font-size\">Design &amp; implementation<\/h4>\n\n\n\n<p>Soda Studios AG<br>Birmensdorferstrasse 19<br>8004 Z\u00fcrich<br><a href=\"https:\/\/soda.today\">www.soda.today<\/a><\/p>\n","protected":false},"excerpt":{"rendered":"<p>EDUCA SWISSSwiss Foundation for the Promotion and Financing of Education6003 Luzern Office Z\u00fcrich: Breitingerstrasse 35, 8002 Z\u00fcrich mail@educaswiss.ch Design &amp; implementation Soda Studios AGBirmensdorferstrasse 198004 Z\u00fcrichwww.soda.today<\/p>\n","protected":false},"author":3,"featured_media":0,"parent":0,"menu_order":0,"comment_status":"closed","ping_status":"closed","template":"","meta":{"_acf_changed":false,"hide_page_title":"","_coblocks_attr":"","_coblocks_dimensions":"","_coblocks_responsive_height":"","_coblocks_accordion_ie_support":"","footnotes":""},"class_list":["post-4399","page","type-page","status-publish","hentry"],"acf":[],"yoast_head":"<!-- This site is optimized with the Yoast SEO plugin v27.3 - https:\/\/yoast.com\/product\/yoast-seo-wordpress\/ -->\n<title>Impressum &#8211; EDUCA SWISS<\/title>\n<meta name=\"robots\" content=\"index, follow, max-snippet:-1, max-image-preview:large, max-video-preview:-1\" \/>\n<link rel=\"canonical\" href=\"https:\/\/educaswiss.ch\/en\/impressum\/\" \/>\n<meta property=\"og:locale\" content=\"en_US\" \/>\n<meta property=\"og:type\" content=\"article\" \/>\n<meta property=\"og:title\" content=\"Impressum &#8211; EDUCA SWISS\" \/>\n<meta property=\"og:description\" content=\"EDUCA SWISSSwiss Foundation for the Promotion and Financing of Education6003 Luzern Office Z\u00fcrich: Breitingerstrasse 35, 8002 Z\u00fcrich mail@educaswiss.ch Design &amp; implementation Soda Studios AGBirmensdorferstrasse 198004 Z\u00fcrichwww.soda.today\" \/>\n<meta property=\"og:url\" content=\"https:\/\/educaswiss.ch\/en\/impressum\/\" \/>\n<meta property=\"og:site_name\" content=\"EDUCA SWISS\" \/>\n<meta property=\"article:modified_time\" content=\"2025-09-15T09:44:29+00:00\" \/>\n<meta property=\"og:image\" content=\"https:\/\/educaswiss.ch\/wp-content\/uploads\/2020\/12\/educaswiss-preview.jpg\" \/>\n\t<meta property=\"og:image:width\" content=\"1200\" \/>\n\t<meta property=\"og:image:height\" content=\"675\" \/>\n\t<meta property=\"og:image:type\" content=\"image\/jpeg\" \/>\n<meta name=\"twitter:card\" content=\"summary_large_image\" \/>\n<meta name=\"twitter:label1\" content=\"Est. reading time\" \/>\n\t<meta name=\"twitter:data1\" content=\"1 minute\" \/>\n<script type=\"application\/ld+json\" class=\"yoast-schema-graph\">{\"@context\":\"https:\\\/\\\/schema.org\",\"@graph\":[{\"@type\":\"WebPage\",\"@id\":\"https:\\\/\\\/educaswiss.ch\\\/en\\\/impressum\\\/\",\"url\":\"https:\\\/\\\/educaswiss.ch\\\/en\\\/impressum\\\/\",\"name\":\"Impressum &#8211; EDUCA SWISS\",\"isPartOf\":{\"@id\":\"https:\\\/\\\/educaswiss.ch\\\/en\\\/#website\"},\"datePublished\":\"2020-11-25T17:02:06+00:00\",\"dateModified\":\"2025-09-15T09:44:29+00:00\",\"breadcrumb\":{\"@id\":\"https:\\\/\\\/educaswiss.ch\\\/en\\\/impressum\\\/#breadcrumb\"},\"inLanguage\":\"en-US\",\"potentialAction\":[{\"@type\":\"ReadAction\",\"target\":[\"https:\\\/\\\/educaswiss.ch\\\/en\\\/impressum\\\/\"]}]},{\"@type\":\"BreadcrumbList\",\"@id\":\"https:\\\/\\\/educaswiss.ch\\\/en\\\/impressum\\\/#breadcrumb\",\"itemListElement\":[{\"@type\":\"ListItem\",\"position\":1,\"name\":\"Startseite\",\"item\":\"https:\\\/\\\/educaswiss.ch\\\/en\\\/\"},{\"@type\":\"ListItem\",\"position\":2,\"name\":\"Impressum\"}]},{\"@type\":\"WebSite\",\"@id\":\"https:\\\/\\\/educaswiss.ch\\\/en\\\/#website\",\"url\":\"https:\\\/\\\/educaswiss.ch\\\/en\\\/\",\"name\":\"EDUCA SWISS\",\"description\":\"\",\"publisher\":{\"@id\":\"https:\\\/\\\/educaswiss.ch\\\/en\\\/#organization\"},\"potentialAction\":[{\"@type\":\"SearchAction\",\"target\":{\"@type\":\"EntryPoint\",\"urlTemplate\":\"https:\\\/\\\/educaswiss.ch\\\/en\\\/?s={search_term_string}\"},\"query-input\":{\"@type\":\"PropertyValueSpecification\",\"valueRequired\":true,\"valueName\":\"search_term_string\"}}],\"inLanguage\":\"en-US\"},{\"@type\":\"Organization\",\"@id\":\"https:\\\/\\\/educaswiss.ch\\\/en\\\/#organization\",\"name\":\"EDUCA SWISS\",\"url\":\"https:\\\/\\\/educaswiss.ch\\\/en\\\/\",\"logo\":{\"@type\":\"ImageObject\",\"inLanguage\":\"en-US\",\"@id\":\"https:\\\/\\\/educaswiss.ch\\\/en\\\/#\\\/schema\\\/logo\\\/image\\\/\",\"url\":\"https:\\\/\\\/educaswiss.ch\\\/wp-content\\\/uploads\\\/2020\\\/12\\\/educaswiss_ungewinkelt_rot_32-punkte.png\",\"contentUrl\":\"https:\\\/\\\/educaswiss.ch\\\/wp-content\\\/uploads\\\/2020\\\/12\\\/educaswiss_ungewinkelt_rot_32-punkte.png\",\"width\":194,\"height\":108,\"caption\":\"EDUCA SWISS\"},\"image\":{\"@id\":\"https:\\\/\\\/educaswiss.ch\\\/en\\\/#\\\/schema\\\/logo\\\/image\\\/\"}}]}<\/script>\n<!-- \/ Yoast SEO plugin. -->","yoast_head_json":{"title":"Impressum &#8211; EDUCA SWISS","robots":{"index":"index","follow":"follow","max-snippet":"max-snippet:-1","max-image-preview":"max-image-preview:large","max-video-preview":"max-video-preview:-1"},"canonical":"https:\/\/educaswiss.ch\/en\/impressum\/","og_locale":"en_US","og_type":"article","og_title":"Impressum &#8211; EDUCA SWISS","og_description":"EDUCA SWISSSwiss Foundation for the Promotion and Financing of Education6003 Luzern Office Z\u00fcrich: Breitingerstrasse 35, 8002 Z\u00fcrich mail@educaswiss.ch Design &amp; implementation Soda Studios AGBirmensdorferstrasse 198004 Z\u00fcrichwww.soda.today","og_url":"https:\/\/educaswiss.ch\/en\/impressum\/","og_site_name":"EDUCA SWISS","article_modified_time":"2025-09-15T09:44:29+00:00","og_image":[{"width":1200,"height":675,"url":"https:\/\/educaswiss.ch\/wp-content\/uploads\/2020\/12\/educaswiss-preview.jpg","type":"image\/jpeg"}],"twitter_card":"summary_large_image","twitter_misc":{"Est. reading time":"1 minute"},"schema":{"@context":"https:\/\/schema.org","@graph":[{"@type":"WebPage","@id":"https:\/\/educaswiss.ch\/en\/impressum\/","url":"https:\/\/educaswiss.ch\/en\/impressum\/","name":"Impressum &#8211; EDUCA SWISS","isPartOf":{"@id":"https:\/\/educaswiss.ch\/en\/#website"},"datePublished":"2020-11-25T17:02:06+00:00","dateModified":"2025-09-15T09:44:29+00:00","breadcrumb":{"@id":"https:\/\/educaswiss.ch\/en\/impressum\/#breadcrumb"},"inLanguage":"en-US","potentialAction":[{"@type":"ReadAction","target":["https:\/\/educaswiss.ch\/en\/impressum\/"]}]},{"@type":"BreadcrumbList","@id":"https:\/\/educaswiss.ch\/en\/impressum\/#breadcrumb","itemListElement":[{"@type":"ListItem","position":1,"name":"Startseite","item":"https:\/\/educaswiss.ch\/en\/"},{"@type":"ListItem","position":2,"name":"Impressum"}]},{"@type":"WebSite","@id":"https:\/\/educaswiss.ch\/en\/#website","url":"https:\/\/educaswiss.ch\/en\/","name":"EDUCA SWISS","description":"","publisher":{"@id":"https:\/\/educaswiss.ch\/en\/#organization"},"potentialAction":[{"@type":"SearchAction","target":{"@type":"EntryPoint","urlTemplate":"https:\/\/educaswiss.ch\/en\/?s={search_term_string}"},"query-input":{"@type":"PropertyValueSpecification","valueRequired":true,"valueName":"search_term_string"}}],"inLanguage":"en-US"},{"@type":"Organization","@id":"https:\/\/educaswiss.ch\/en\/#organization","name":"EDUCA SWISS","url":"https:\/\/educaswiss.ch\/en\/","logo":{"@type":"ImageObject","inLanguage":"en-US","@id":"https:\/\/educaswiss.ch\/en\/#\/schema\/logo\/image\/","url":"https:\/\/educaswiss.ch\/wp-content\/uploads\/2020\/12\/educaswiss_ungewinkelt_rot_32-punkte.png","contentUrl":"https:\/\/educaswiss.ch\/wp-content\/uploads\/2020\/12\/educaswiss_ungewinkelt_rot_32-punkte.png","width":194,"height":108,"caption":"EDUCA SWISS"},"image":{"@id":"https:\/\/educaswiss.ch\/en\/#\/schema\/logo\/image\/"}}]}},"_links":{"self":[{"href":"https:\/\/educaswiss.ch\/en\/wp-json\/wp\/v2\/pages\/4399","targetHints":{"allow":["GET"]}}],"collection":[{"href":"https:\/\/educaswiss.ch\/en\/wp-json\/wp\/v2\/pages"}],"about":[{"href":"https:\/\/educaswiss.ch\/en\/wp-json\/wp\/v2\/types\/page"}],"author":[{"embeddable":true,"href":"https:\/\/educaswiss.ch\/en\/wp-json\/wp\/v2\/users\/3"}],"replies":[{"embeddable":true,"href":"https:\/\/educaswiss.ch\/en\/wp-json\/wp\/v2\/comments?post=4399"}],"version-history":[{"count":3,"href":"https:\/\/educaswiss.ch\/en\/wp-json\/wp\/v2\/pages\/4399\/revisions"}],"predecessor-version":[{"id":9004,"href":"https:\/\/educaswiss.ch\/en\/wp-json\/wp\/v2\/pages\/4399\/revisions\/9004"}],"wp:attachment":[{"href":"https:\/\/educaswiss.ch\/en\/wp-json\/wp\/v2\/media?parent=4399"}],"curies":[{"name":"wp","href":"https:\/\/api.w.org\/{rel}","templated":true}]}}