{"id":4267,"date":"2020-11-25T18:03:20","date_gmt":"2020-11-25T17:03:20","guid":{"rendered":"https:\/\/educaswiss.ch\/?page_id=4267"},"modified":"2023-09-12T16:31:44","modified_gmt":"2023-09-12T14:31:44","slug":"mediencenter-und-downloads","status":"publish","type":"page","link":"https:\/\/educaswiss.ch\/en\/mediencenter-und-downloads\/","title":{"rendered":"Media centre and downloads"},"content":{"rendered":"\n<div class=\"wp-block-group alignfull has-huge-padding\"><div class=\"wp-block-group__inner-container is-layout-flow wp-block-group-is-layout-flow\">\n<h1 class=\"wp-block-heading has-text-align-center\">Media Corner<\/h1>\n\n\n      <div class=\"team-section alignwide\">\n        <div class=\"team-member team-member--single\">\n          <div class=\"team-member__image\">\n            <img loading=\"lazy\" decoding=\"async\" width=\"1257\" height=\"1266\" src=\"https:\/\/educaswiss.ch\/wp-content\/uploads\/2020\/11\/Simon-Merki_Geschaeftsfuehrer-EDUCA-SWISS-1.jpeg\" class=\"attachment-post-thumbnail size-post-thumbnail wp-post-image\" alt=\"\" srcset=\"https:\/\/educaswiss.ch\/wp-content\/uploads\/2020\/11\/Simon-Merki_Geschaeftsfuehrer-EDUCA-SWISS-1.jpeg 1257w, https:\/\/educaswiss.ch\/wp-content\/uploads\/2020\/11\/Simon-Merki_Geschaeftsfuehrer-EDUCA-SWISS-1-298x300.jpeg 298w, https:\/\/educaswiss.ch\/wp-content\/uploads\/2020\/11\/Simon-Merki_Geschaeftsfuehrer-EDUCA-SWISS-1-1017x1024.jpeg 1017w, https:\/\/educaswiss.ch\/wp-content\/uploads\/2020\/11\/Simon-Merki_Geschaeftsfuehrer-EDUCA-SWISS-1-150x150.jpeg 150w, https:\/\/educaswiss.ch\/wp-content\/uploads\/2020\/11\/Simon-Merki_Geschaeftsfuehrer-EDUCA-SWISS-1-768x773.jpeg 768w\" sizes=\"auto, (max-width: 1257px) 100vw, 1257px\" \/>          <\/div>\n          <div class=\"team-member__content\">\n            <h3>Simon Merki <\/h3>\n                          <h4>Managing Director and Delegate of the Board of Trustees<\/h4>\n                                                  <div class=\"team-member__contact\">\n                <p><a href=\"tel:+41 41 541 84 55\">+41 41 541 84 55<\/a><br \/>\n<a href=\"mailto:simon.merki@educaswiss.ch\">simon.merki@educaswiss.ch<\/a><\/p>\n              <\/div>\n                      <\/div>\n        <\/div>\n      <\/div><!-- \/.team-section -->\n    \n\n      <div class=\"team-section alignwide\">\n        <div class=\"team-member team-member--single\">\n          <div class=\"team-member__image\">\n                      <\/div>\n          <div class=\"team-member__content\">\n            <h3> <\/h3>\n                                              <\/div>\n        <\/div>\n      <\/div><!-- \/.team-section -->\n    <\/div><\/div>\n\n\n\n<div class=\"wp-block-group alignfull has-huge-padding has-grey-light-background-color has-background\"><div class=\"wp-block-group__inner-container is-layout-flow wp-block-group-is-layout-flow\">\n<div class=\"wp-block-group\"><div class=\"wp-block-group__inner-container is-layout-constrained wp-block-group-is-layout-constrained\">\n<h3 class=\"wp-block-heading has-text-align-left\">EDUCA SWISS Impact Reports <\/h3>\n\n\n\n<ul class=\"wp-block-list\">\n<li><a href=\"https:\/\/educaswiss.ch\/wp-content\/uploads\/2024\/10\/EDUCA-SWISS-Impact-Report-2023.pdf\" data-type=\"link\" data-id=\"https:\/\/educaswiss.ch\/wp-content\/uploads\/2024\/10\/EDUCA-SWISS-Impact-Report-2023.pdf\" target=\"_blank\" rel=\"noreferrer noopener\">Annual report 2023<\/a><\/li>\n\n\n\n<li><a href=\"https:\/\/educaswiss.ch\/wp-content\/uploads\/2023\/07\/EDUCA-SWISS-Wirkungsbericht-2022.pdf\" data-type=\"URL\" data-id=\"https:\/\/educaswiss.ch\/wp-content\/uploads\/2023\/07\/EDUCA-SWISS-Wirkungsbericht-2022.pdf\" target=\"_blank\" rel=\"noreferrer noopener\">Annual<\/a><a href=\"https:\/\/educaswiss.ch\/wp-content\/uploads\/2023\/07\/EDUCA-SWISS-Wirkungsbericht-2022.pdf\" data-type=\"page\" data-id=\"4267\" target=\"_blank\" rel=\"noreferrer noopener\"> report 2022<\/a> (only available in German)<\/li>\n\n\n\n<li><a href=\"https:\/\/educaswiss.ch\/wp-content\/uploads\/2022\/07\/Wirkungsbericht_2021.pdf\" data-type=\"URL\" data-id=\"https:\/\/educaswiss.ch\/wp-content\/uploads\/2022\/07\/Wirkungsbericht_2021.pdf\" target=\"_blank\" rel=\"noreferrer noopener\">Annual report 2021<\/a> (only available in German)<\/li>\n\n\n\n<li><a href=\"https:\/\/educaswiss.ch\/wp-content\/uploads\/2021\/08\/EDUCA-SWISS-Wirkungsbericht-2020.pdf\" target=\"_blank\" rel=\"noreferrer noopener\">Annual report 2020<\/a> (only available in German)<\/li>\n\n\n\n<li><a href=\"https:\/\/educaswiss.ch\/wp-content\/uploads\/2020\/12\/educa-swiss-wirkungsbericht-inkl-jahresabschluss-2019.pdf\" target=\"_blank\" rel=\"noreferrer noopener\">Annual report 2019<\/a> (only available in German)<\/li>\n\n\n\n<li><a href=\"https:\/\/educaswiss.ch\/wp-content\/uploads\/2020\/12\/educa-swiss-wirkungsbericht-2018.pdf\" target=\"_blank\" rel=\"noreferrer noopener\">Annual report 2018<\/a> (only available in German)<\/li>\n\n\n\n<li><a href=\"https:\/\/educaswiss.ch\/wp-content\/uploads\/2020\/12\/educa-swiss-wirkungsbericht-2017.pdf\" target=\"_blank\" rel=\"noreferrer noopener\">Annual report 2017<\/a> (only available in German)<\/li>\n<\/ul>\n<\/div><\/div>\n\n\n\n<h3 class=\"wp-block-heading\">Medienmitteilungen<\/h3>\n\n\n\n<ul class=\"wp-block-list\">\n<li>11. M\u00e4rz 2021: <a href=\"https:\/\/educaswiss.ch\/2021\/03\/11\/offener-brief-an-den-bundesrat-studierende-in-not-erfordern-rasches-handelnoffener-brief-an-den-bundesrat-studierende-in-not-erfordern-rasches-handeln\/\">Offener Brief an den Bundesrat: Studierende in Not erfordern rasches Handeln<\/a><\/li>\n\n\n\n<li>09. Februar 2021: <a href=\"https:\/\/educaswiss.ch\/2021\/02\/09\/notfall-bildungsdarlehen-educa-swiss-spricht-erneut-corona-darlehe\">Notfall-Bildungsdarlehen: EDUCA SWISS spricht erneut Corona-Darlehen<\/a><\/li>\n\n\n\n<li>30. April 2020: <a href=\"https:\/\/educaswiss.ch\/wp-content\/uploads\/2020\/12\/200429_Covid-19-Fonds_EDUCA-SWISS_MM.pdf\" target=\"_blank\" rel=\"noreferrer noopener\">Notfall-Bildungsdarlehen: EDUCA SWISS vergibt Covid-19-Darlehen<\/a><\/li>\n<\/ul>\n\n\n\n<h3 class=\"wp-block-heading\">Medienspiegel<\/h3>\n\n\n\n<ul class=\"wp-block-list\">\n<li><a href=\"https:\/\/www.risingtide-foundation.org\/news\/detail\/realizing-education-dreams-in-switzerland-an-interview-with-educa-swiss-ceo-simon-merki\" target=\"_blank\" rel=\"noreferrer noopener\">Realizing Education Dreams in Switzerland: An interview with EDUCA SWISS CEO Simon Merki.<\/a> Rising Tide Foundation. 09.05.2023<\/li>\n\n\n\n<li><a href=\"https:\/\/www.blick.ch\/politik\/wegen-der-krise-ploetzlich-in-geldnot-politiker-fordern-corona-nothilfe-fuer-studenten-id16415077.html\">Corona-Krise: Politiker fordern Nothilfe f\u00fcr Studenten<\/a>. In: Blick. 22.02.2021<\/li>\n\n\n\n<li><a href=\"https:\/\/www.rts.ch\/play\/radio\/la-matinale\/audio\/la-matinale-presentee-par-valerie-hauert?id=12020731&amp;startTime=104\">La Matinale &#8211; Pr\u00e9sent\u00e9e par Val\u00e9rie Hauert.<\/a> In: RTS. 12.03.2021<\/li>\n\n\n\n<li><a href=\"https:\/\/www.nau.ch\/news\/schweiz\/studenten-fordern-in-brief-an-bundesrat-finanzielle-hilfe-65886026\" target=\"_blank\" rel=\"noreferrer noopener\">Studenten fordern in Brief an Bundesrat finanzielle Hilfe.<\/a> In: Nau.ch. 11.03.2021<\/li>\n\n\n\n<li><a href=\"https:\/\/www.20min.ch\/story\/es-droht-eine-welle-von-studienabbruechen-776399889745\" target=\"_blank\" rel=\"noreferrer noopener\">&#8220;Es droht eine Welle von Studienabbr\u00fcchen.&#8221;<\/a> In: 20 Minuten. 05.03.2021<\/li>\n\n\n\n<li><a href=\"https:\/\/www.20min.ch\/story\/wegen-der-corona-krise-musste-ich-fast-mein-studium-abbrechen-779089306727\" target=\"_blank\" rel=\"noreferrer noopener\">Studierende in Not: &#8220;Wegen der Corona-Krise musste ich fast mein Studium abbrechen.&#8221;<\/a> In: 20 Minuten. 05.03.2021<\/li>\n\n\n\n<li><a href=\"https:\/\/www.srf.ch\/news\/wirtschaft\/weniger-nebenjobs-lockdown-bringt-studierende-in-finanznot?wt_mc_o=srf.share.app.srf-app.unknown\" target=\"_blank\" rel=\"noreferrer noopener\">Weniger Nebenjobs &#8211; Lockdown bringt Studierende in Not<\/a>. In: SRF 10 vor 10. 10.02.2021<\/li>\n\n\n\n<li><a href=\"https:\/\/seniorin.seniorweb.ch\/2020\/10\/02\/mit-dem-geleisteten-anderen-eine-chancen-geben\/?fbclid=IwAR3BVnX3DzRetazjWMpoifP-741mScWBtV6omtzqiO854hdxmcowPrO1_yI\" target=\"_blank\" rel=\"noreferrer noopener\">Mit dem Geleisteten anderen eine Chance geben<\/a>. In: Seniorin. 02.10.2020<\/li>\n\n\n\n<li><a href=\"https:\/\/www.facebook.com\/111538706006545\/posts\/579599659200445\/?vh=e&amp;d=n\" target=\"_blank\" rel=\"noreferrer noopener\">Covid-19 Notfonds von EDUCA SWISS<\/a>. In Kapaw. 20.05.2020<\/li>\n\n\n\n<li><a href=\"https:\/\/nzzas.nzz.ch\/hintergrund\/das-coronavirus-und-die-jugendlichen-und-wer-denkt-an-uns-ld.1554659?reduced=true\" target=\"_blank\" rel=\"noreferrer noopener\">Generation Corona: Die Jungen trifft die Pandemie besonders hart<\/a>. In NZZ am Sonntag. 02.05.2020<\/li>\n\n\n\n<li><a href=\"https:\/\/www.tagesanzeiger.ch\/zuerich\/stadt\/darlehen-als-alternative-zum-stipendium\/story\/23929658\" target=\"_blank\" rel=\"noreferrer noopener\">Darlehen als Alternative zum Stipendium<\/a>. In: Tages-Anzeiger. 28.08.2019<\/li>\n<\/ul>\n\n\n\n<h3 class=\"wp-block-heading\">EDUCA SWISS Logo <\/h3>\n\n\n\n<div class=\"wp-block-buttons is-layout-flex wp-block-buttons-is-layout-flex\">\n<div class=\"wp-block-button is-style-arrow\"><a class=\"wp-block-button__link wp-element-button\" href=\"https:\/\/educaswiss.ch\/wp-content\/uploads\/2020\/12\/EDUCA-SWISS-Logo.zip\" target=\"_blank\" rel=\"noreferrer noopener\">Logo in various formats<\/a><\/div>\n<\/div>\n<\/div><\/div>\n\n\n\n<h3 class=\"wp-block-heading has-4-xl-font-size\">Downloads<\/h3>\n\n\n\n<h3 class=\"wp-block-heading\"><strong>Bildungsdarlehen<\/strong><\/h3>\n\n\n\n<ul class=\"wp-block-list\" id=\"block-c9797454-8445-4d73-b6ba-f2ec27325d26\">\n<li><a href=\"https:\/\/educaswiss.ch\/wp-content\/uploads\/2023\/09\/Beispiel-Dossier.pdf\">Example Dossier<\/a><\/li>\n\n\n\n<li><a href=\"https:\/\/educaswiss.ch\/wp-content\/uploads\/2023\/09\/Mustervertrag-Bildungsdarlehen-1.pdf\">Sample contract educational loan<\/a><\/li>\n\n\n\n<li><a href=\"https:\/\/educaswiss.ch\/en\/2021\/01\/07\/how-much-does-a-student-loan-cost-at-educa-swiss\/\">How much does a student loan cost at EDUCA SWISS?<\/a><\/li>\n\n\n\n<li><a href=\"https:\/\/educaswiss.ch\/wp-content\/uploads\/2020\/12\/beispiel-budget.pdf\" target=\"_blank\" rel=\"noreferrer noopener\">Beispiel-Budget<\/a><\/li>\n<\/ul>\n\n\n\n<ul class=\"wp-block-list\" id=\"block-c9797454-8445-4d73-b6ba-f2ec27325d26\">\n<li><a href=\"https:\/\/educaswiss.ch\/wp-content\/uploads\/2021\/01\/Beispiel-Projektliste.pdf\" target=\"_blank\" rel=\"noreferrer noopener\">Beispiel Projektliste<\/a><\/li>\n\n\n\n<li><a href=\"https:\/\/educaswiss.ch\/wp-content\/uploads\/2021\/02\/Anmeldeformular-Darlehensgeber.pdf\">Anmeldeformular Darlehensgeberin und Darlehensgeber<\/a><\/li>\n\n\n\n<li><a href=\"https:\/\/educaswiss.ch\/wp-content\/uploads\/2021\/03\/Gebuehrenregelung-Darlehensgeber.pdf\" target=\"_blank\" rel=\"noreferrer noopener\">Geb\u00fchrenregelung Darlehensgeberin und Darlehensgeber<\/a><\/li>\n\n\n\n<li><a href=\"https:\/\/educaswiss.ch\/wp-content\/uploads\/2021\/01\/Berechnungsbeispiel-Gebuehren-und-Zinsen-Bildungsinvestor.pdf\" target=\"_blank\" rel=\"noreferrer noopener\">Berechnungsbeispiel Geb\u00fchren und Zinsen Bildungsinvestorin und Bildungsinvestor<\/a><\/li>\n\n\n\n<li><a href=\"https:\/\/educaswiss.ch\/wp-content\/uploads\/2021\/01\/Beispiel-Gebuehrenabrechnung-Bildungsinvestor.pdf\" target=\"_blank\" rel=\"noreferrer noopener\">Beispiel Geb\u00fchrenabrechnung Bildungsinvestorin und Bildungsinvestor<\/a><\/li>\n\n\n\n<li><a href=\"https:\/\/educaswiss.ch\/wp-content\/uploads\/2021\/01\/Beispiel-Darlehensuebersicht-Bildungsinvestor.pdf\" target=\"_blank\" rel=\"noreferrer noopener\">Beispiel Darlehens\u00fcbersicht Bildungsinvestorin und Bildungsinvestor<\/a><\/li>\n\n\n\n<li><a href=\"https:\/\/educaswiss.ch\/wp-content\/uploads\/2021\/01\/Foerderangebot_Anmeldung.pdf\" target=\"_blank\" rel=\"noreferrer noopener\">F\u00f6rderangebot<\/a><\/li>\n<\/ul>\n\n\n\n<div class=\"wp-block-group\"><div class=\"wp-block-group__inner-container is-layout-constrained wp-block-group-is-layout-constrained\">\n<h3 class=\"wp-block-heading has-text-align-left\">EDUCA SWISS Impact Reports <\/h3>\n\n\n\n<ul class=\"wp-block-list\">\n<li><a href=\"https:\/\/educaswiss.ch\/wp-content\/uploads\/2024\/10\/EDUCA-SWISS-Impact-Report-2023.pdf\" data-type=\"link\" data-id=\"https:\/\/educaswiss.ch\/wp-content\/uploads\/2024\/10\/EDUCA-SWISS-Impact-Report-2023.pdf\" target=\"_blank\" rel=\"noreferrer noopener\">Annual report 2023<\/a><\/li>\n\n\n\n<li><a href=\"https:\/\/educaswiss.ch\/wp-content\/uploads\/2023\/07\/EDUCA-SWISS-Wirkungsbericht-2022.pdf\" data-type=\"URL\" data-id=\"https:\/\/educaswiss.ch\/wp-content\/uploads\/2023\/07\/EDUCA-SWISS-Wirkungsbericht-2022.pdf\" target=\"_blank\" rel=\"noreferrer noopener\">Annual<\/a><a href=\"https:\/\/educaswiss.ch\/wp-content\/uploads\/2023\/07\/EDUCA-SWISS-Wirkungsbericht-2022.pdf\" data-type=\"page\" data-id=\"4267\" target=\"_blank\" rel=\"noreferrer noopener\"> report 2022<\/a> (only available in German)<\/li>\n\n\n\n<li><a href=\"https:\/\/educaswiss.ch\/wp-content\/uploads\/2022\/07\/Wirkungsbericht_2021.pdf\" data-type=\"URL\" data-id=\"https:\/\/educaswiss.ch\/wp-content\/uploads\/2022\/07\/Wirkungsbericht_2021.pdf\" target=\"_blank\" rel=\"noreferrer noopener\">Annual report 2021<\/a> (only available in German)<\/li>\n\n\n\n<li><a href=\"https:\/\/educaswiss.ch\/wp-content\/uploads\/2021\/08\/EDUCA-SWISS-Wirkungsbericht-2020.pdf\" target=\"_blank\" rel=\"noreferrer noopener\">Annual report 2020<\/a> (only available in German)<\/li>\n\n\n\n<li><a href=\"https:\/\/educaswiss.ch\/wp-content\/uploads\/2020\/12\/educa-swiss-wirkungsbericht-inkl-jahresabschluss-2019.pdf\" target=\"_blank\" rel=\"noreferrer noopener\">Annual report 2019<\/a> (only available in German)<\/li>\n\n\n\n<li><a href=\"https:\/\/educaswiss.ch\/wp-content\/uploads\/2020\/12\/educa-swiss-wirkungsbericht-2018.pdf\" target=\"_blank\" rel=\"noreferrer noopener\">Annual report 2018<\/a> (only available in German)<\/li>\n\n\n\n<li><a href=\"https:\/\/educaswiss.ch\/wp-content\/uploads\/2020\/12\/educa-swiss-wirkungsbericht-2017.pdf\" target=\"_blank\" rel=\"noreferrer noopener\">Annual report 2017<\/a> (only available in German)<\/li>\n<\/ul>\n<\/div><\/div>\n\n\n\n<h3 class=\"wp-block-heading\">\u00dcber uns<\/h3>\n\n\n\n<ul class=\"wp-block-list\">\n<li><a href=\"https:\/\/educaswiss.ch\/wp-content\/uploads\/2020\/12\/educa-swiss-stiftungsreglement.pdf\" target=\"_blank\" rel=\"noreferrer noopener\">Stiftungsurkunde und -reglement<\/a><\/li>\n<\/ul>\n","protected":false},"excerpt":{"rendered":"<p>Media Corner Medienmitteilungen Medienspiegel EDUCA SWISS Logo Downloads Bildungsdarlehen \u00dcber uns<\/p>\n","protected":false},"author":1,"featured_media":0,"parent":0,"menu_order":0,"comment_status":"closed","ping_status":"closed","template":"","meta":{"_acf_changed":false,"hide_page_title":"enabled","_coblocks_attr":"","_coblocks_dimensions":"","_coblocks_responsive_height":"","_coblocks_accordion_ie_support":"","footnotes":""},"class_list":["post-4267","page","type-page","status-publish","hentry"],"acf":[],"yoast_head":"<!-- This site is optimized with the Yoast SEO plugin v27.3 - https:\/\/yoast.com\/product\/yoast-seo-wordpress\/ -->\n<title>Media centre and downloads &#8211; EDUCA SWISS<\/title>\n<meta name=\"robots\" content=\"index, follow, max-snippet:-1, max-image-preview:large, max-video-preview:-1\" \/>\n<link rel=\"canonical\" href=\"https:\/\/educaswiss.ch\/en\/mediencenter-und-downloads\/\" \/>\n<meta property=\"og:locale\" content=\"en_US\" \/>\n<meta property=\"og:type\" content=\"article\" \/>\n<meta property=\"og:title\" content=\"Media centre and downloads &#8211; EDUCA SWISS\" \/>\n<meta property=\"og:description\" content=\"Media Corner Medienmitteilungen Medienspiegel EDUCA SWISS Logo Downloads Bildungsdarlehen \u00dcber uns\" \/>\n<meta property=\"og:url\" content=\"https:\/\/educaswiss.ch\/en\/mediencenter-und-downloads\/\" \/>\n<meta property=\"og:site_name\" content=\"EDUCA SWISS\" \/>\n<meta property=\"article:modified_time\" content=\"2023-09-12T14:31:44+00:00\" \/>\n<meta property=\"og:image\" content=\"https:\/\/educaswiss.ch\/wp-content\/uploads\/2020\/12\/educaswiss-preview.jpg\" \/>\n\t<meta property=\"og:image:width\" content=\"1200\" \/>\n\t<meta property=\"og:image:height\" content=\"675\" \/>\n\t<meta property=\"og:image:type\" content=\"image\/jpeg\" \/>\n<meta name=\"twitter:card\" content=\"summary_large_image\" \/>\n<meta name=\"twitter:label1\" content=\"Est. reading time\" \/>\n\t<meta name=\"twitter:data1\" content=\"2 minutes\" \/>\n<script type=\"application\/ld+json\" class=\"yoast-schema-graph\">{\"@context\":\"https:\\\/\\\/schema.org\",\"@graph\":[{\"@type\":\"WebPage\",\"@id\":\"https:\\\/\\\/educaswiss.ch\\\/en\\\/mediencenter-und-downloads\\\/\",\"url\":\"https:\\\/\\\/educaswiss.ch\\\/en\\\/mediencenter-und-downloads\\\/\",\"name\":\"Media centre and downloads &#8211; EDUCA SWISS\",\"isPartOf\":{\"@id\":\"https:\\\/\\\/educaswiss.ch\\\/en\\\/#website\"},\"datePublished\":\"2020-11-25T17:03:20+00:00\",\"dateModified\":\"2023-09-12T14:31:44+00:00\",\"breadcrumb\":{\"@id\":\"https:\\\/\\\/educaswiss.ch\\\/en\\\/mediencenter-und-downloads\\\/#breadcrumb\"},\"inLanguage\":\"en-US\",\"potentialAction\":[{\"@type\":\"ReadAction\",\"target\":[\"https:\\\/\\\/educaswiss.ch\\\/en\\\/mediencenter-und-downloads\\\/\"]}]},{\"@type\":\"BreadcrumbList\",\"@id\":\"https:\\\/\\\/educaswiss.ch\\\/en\\\/mediencenter-und-downloads\\\/#breadcrumb\",\"itemListElement\":[{\"@type\":\"ListItem\",\"position\":1,\"name\":\"Startseite\",\"item\":\"https:\\\/\\\/educaswiss.ch\\\/en\\\/\"},{\"@type\":\"ListItem\",\"position\":2,\"name\":\"Media centre and downloads\"}]},{\"@type\":\"WebSite\",\"@id\":\"https:\\\/\\\/educaswiss.ch\\\/en\\\/#website\",\"url\":\"https:\\\/\\\/educaswiss.ch\\\/en\\\/\",\"name\":\"EDUCA SWISS\",\"description\":\"\",\"publisher\":{\"@id\":\"https:\\\/\\\/educaswiss.ch\\\/en\\\/#organization\"},\"potentialAction\":[{\"@type\":\"SearchAction\",\"target\":{\"@type\":\"EntryPoint\",\"urlTemplate\":\"https:\\\/\\\/educaswiss.ch\\\/en\\\/?s={search_term_string}\"},\"query-input\":{\"@type\":\"PropertyValueSpecification\",\"valueRequired\":true,\"valueName\":\"search_term_string\"}}],\"inLanguage\":\"en-US\"},{\"@type\":\"Organization\",\"@id\":\"https:\\\/\\\/educaswiss.ch\\\/en\\\/#organization\",\"name\":\"EDUCA SWISS\",\"url\":\"https:\\\/\\\/educaswiss.ch\\\/en\\\/\",\"logo\":{\"@type\":\"ImageObject\",\"inLanguage\":\"en-US\",\"@id\":\"https:\\\/\\\/educaswiss.ch\\\/en\\\/#\\\/schema\\\/logo\\\/image\\\/\",\"url\":\"https:\\\/\\\/educaswiss.ch\\\/wp-content\\\/uploads\\\/2020\\\/12\\\/educaswiss_ungewinkelt_rot_32-punkte.png\",\"contentUrl\":\"https:\\\/\\\/educaswiss.ch\\\/wp-content\\\/uploads\\\/2020\\\/12\\\/educaswiss_ungewinkelt_rot_32-punkte.png\",\"width\":194,\"height\":108,\"caption\":\"EDUCA SWISS\"},\"image\":{\"@id\":\"https:\\\/\\\/educaswiss.ch\\\/en\\\/#\\\/schema\\\/logo\\\/image\\\/\"}}]}<\/script>\n<!-- \/ Yoast SEO plugin. -->","yoast_head_json":{"title":"Media centre and downloads &#8211; EDUCA SWISS","robots":{"index":"index","follow":"follow","max-snippet":"max-snippet:-1","max-image-preview":"max-image-preview:large","max-video-preview":"max-video-preview:-1"},"canonical":"https:\/\/educaswiss.ch\/en\/mediencenter-und-downloads\/","og_locale":"en_US","og_type":"article","og_title":"Media centre and downloads &#8211; EDUCA SWISS","og_description":"Media Corner Medienmitteilungen Medienspiegel EDUCA SWISS Logo Downloads Bildungsdarlehen \u00dcber uns","og_url":"https:\/\/educaswiss.ch\/en\/mediencenter-und-downloads\/","og_site_name":"EDUCA SWISS","article_modified_time":"2023-09-12T14:31:44+00:00","og_image":[{"width":1200,"height":675,"url":"https:\/\/educaswiss.ch\/wp-content\/uploads\/2020\/12\/educaswiss-preview.jpg","type":"image\/jpeg"}],"twitter_card":"summary_large_image","twitter_misc":{"Est. reading time":"2 minutes"},"schema":{"@context":"https:\/\/schema.org","@graph":[{"@type":"WebPage","@id":"https:\/\/educaswiss.ch\/en\/mediencenter-und-downloads\/","url":"https:\/\/educaswiss.ch\/en\/mediencenter-und-downloads\/","name":"Media centre and downloads &#8211; EDUCA SWISS","isPartOf":{"@id":"https:\/\/educaswiss.ch\/en\/#website"},"datePublished":"2020-11-25T17:03:20+00:00","dateModified":"2023-09-12T14:31:44+00:00","breadcrumb":{"@id":"https:\/\/educaswiss.ch\/en\/mediencenter-und-downloads\/#breadcrumb"},"inLanguage":"en-US","potentialAction":[{"@type":"ReadAction","target":["https:\/\/educaswiss.ch\/en\/mediencenter-und-downloads\/"]}]},{"@type":"BreadcrumbList","@id":"https:\/\/educaswiss.ch\/en\/mediencenter-und-downloads\/#breadcrumb","itemListElement":[{"@type":"ListItem","position":1,"name":"Startseite","item":"https:\/\/educaswiss.ch\/en\/"},{"@type":"ListItem","position":2,"name":"Media centre and downloads"}]},{"@type":"WebSite","@id":"https:\/\/educaswiss.ch\/en\/#website","url":"https:\/\/educaswiss.ch\/en\/","name":"EDUCA SWISS","description":"","publisher":{"@id":"https:\/\/educaswiss.ch\/en\/#organization"},"potentialAction":[{"@type":"SearchAction","target":{"@type":"EntryPoint","urlTemplate":"https:\/\/educaswiss.ch\/en\/?s={search_term_string}"},"query-input":{"@type":"PropertyValueSpecification","valueRequired":true,"valueName":"search_term_string"}}],"inLanguage":"en-US"},{"@type":"Organization","@id":"https:\/\/educaswiss.ch\/en\/#organization","name":"EDUCA SWISS","url":"https:\/\/educaswiss.ch\/en\/","logo":{"@type":"ImageObject","inLanguage":"en-US","@id":"https:\/\/educaswiss.ch\/en\/#\/schema\/logo\/image\/","url":"https:\/\/educaswiss.ch\/wp-content\/uploads\/2020\/12\/educaswiss_ungewinkelt_rot_32-punkte.png","contentUrl":"https:\/\/educaswiss.ch\/wp-content\/uploads\/2020\/12\/educaswiss_ungewinkelt_rot_32-punkte.png","width":194,"height":108,"caption":"EDUCA SWISS"},"image":{"@id":"https:\/\/educaswiss.ch\/en\/#\/schema\/logo\/image\/"}}]}},"_links":{"self":[{"href":"https:\/\/educaswiss.ch\/en\/wp-json\/wp\/v2\/pages\/4267","targetHints":{"allow":["GET"]}}],"collection":[{"href":"https:\/\/educaswiss.ch\/en\/wp-json\/wp\/v2\/pages"}],"about":[{"href":"https:\/\/educaswiss.ch\/en\/wp-json\/wp\/v2\/types\/page"}],"author":[{"embeddable":true,"href":"https:\/\/educaswiss.ch\/en\/wp-json\/wp\/v2\/users\/1"}],"replies":[{"embeddable":true,"href":"https:\/\/educaswiss.ch\/en\/wp-json\/wp\/v2\/comments?post=4267"}],"version-history":[{"count":7,"href":"https:\/\/educaswiss.ch\/en\/wp-json\/wp\/v2\/pages\/4267\/revisions"}],"predecessor-version":[{"id":5355,"href":"https:\/\/educaswiss.ch\/en\/wp-json\/wp\/v2\/pages\/4267\/revisions\/5355"}],"wp:attachment":[{"href":"https:\/\/educaswiss.ch\/en\/wp-json\/wp\/v2\/media?parent=4267"}],"curies":[{"name":"wp","href":"https:\/\/api.w.org\/{rel}","templated":true}]}}