{"id":4248,"date":"2020-11-25T17:58:10","date_gmt":"2020-11-25T16:58:10","guid":{"rendered":"https:\/\/educaswiss.ch\/about\/stiftungsrat-expertenrat\/"},"modified":"2023-02-28T15:46:49","modified_gmt":"2023-02-28T14:46:49","slug":"stiftungsrat-expertenrat","status":"publish","type":"page","link":"https:\/\/educaswiss.ch\/en\/about\/stiftungsrat-expertenrat\/","title":{"rendered":"Stiftungsrat und Expertenrat"},"content":{"rendered":"\n<div class=\"wp-block-group alignfull has-huge-padding\"><div class=\"wp-block-group__inner-container is-layout-flow wp-block-group-is-layout-flow\">\n<h1 class=\"wp-block-heading has-text-align-center has-5-xl-font-size\">Foundation Board<\/h1>\n\n\n      <div class=\"team-section alignwide team--extended \">\n                      <div class=\"team-member\" data-link-only=\"0\">\n      <div class=\"team-member__image\">\n        <img loading=\"lazy\" decoding=\"async\" width=\"200\" height=\"200\" src=\"https:\/\/educaswiss.ch\/wp-content\/uploads\/2020\/11\/MarcoBilleter.jpg\" class=\"attachment-post-thumbnail size-post-thumbnail wp-post-image\" alt=\"\" srcset=\"https:\/\/educaswiss.ch\/wp-content\/uploads\/2020\/11\/MarcoBilleter.jpg 200w, https:\/\/educaswiss.ch\/wp-content\/uploads\/2020\/11\/MarcoBilleter-150x150.jpg 150w\" sizes=\"auto, (max-width: 200px) 100vw, 200px\" \/>      <\/div>\n            <div class=\"team-member__content\">\n        <h3>Marco Billeter <\/h3>\n                  <h4>Founder and Managing Director<\/h4>\n                          <div class=\"person-description__wrapper\">\n            <div class=\"person-description\" style=\"\">\n              <!-- wp:paragraph -->\n<p><strong>Marco Billeter<\/strong> studied law at the University of St. Gallen. After holding various management positions at Novartis AG, he specialized in the restructuring and strategic realignment of medium-sized industrial companies. As an investor and member of boards of directors, he is active across a range of industries, including packaging, building services engineering, metalworking, and vehicle manufacturing.<br>As a co-founder of <strong>EDUCA SWISS<\/strong>, Marco Billeter significantly shaped the foundation for many years as President of the Board of Trustees. In order to meet the foundation\u2019s dynamic growth and the further development of the <strong>EDUCA SWISS<\/strong>, DreamTeam, and <strong><a href=\"http:\/\/stipendium.ch\" data-type=\"link\" data-id=\"stipendium.ch\">stipendium.ch<\/a><\/strong> programs, he assumed the newly created overarching executive management of the foundation. In doing so, he consistently continues his long-standing commitment to promoting young talent through leadership figures\u2014both in terms of content and entrepreneurial responsibility.<\/p>\n<!-- \/wp:paragraph -->            <\/div>\n          <\/div>\n              <\/div>\n\n          <\/div>\n                        <div class=\"team-member\" data-link-only=\"0\">\n      <div class=\"team-member__image\">\n        <img loading=\"lazy\" decoding=\"async\" width=\"200\" height=\"200\" src=\"https:\/\/educaswiss.ch\/wp-content\/uploads\/2020\/11\/Claude-Siegenthaler.jpg\" class=\"attachment-post-thumbnail size-post-thumbnail wp-post-image\" alt=\"\" srcset=\"https:\/\/educaswiss.ch\/wp-content\/uploads\/2020\/11\/Claude-Siegenthaler.jpg 200w, https:\/\/educaswiss.ch\/wp-content\/uploads\/2020\/11\/Claude-Siegenthaler-150x150.jpg 150w\" sizes=\"auto, (max-width: 200px) 100vw, 200px\" \/>      <\/div>\n            <div class=\"team-member__content\">\n        <h3>Professor Dr HSG Claude Siegenthaler <\/h3>\n                  <h4>Founder and President of the Board of Trustees<\/h4>\n                          <div class=\"person-description__wrapper\">\n            <div class=\"person-description\" style=\"\">\n              <!-- wp:paragraph -->\n<p>Claude Siegenthaler studied economics at the University of St. Gallen. From 2004 to 2016, he was a professor of sustainability at Hosei University in Tokyo. As a lecturer and coach, he teaches at various universities, including at ETH Zurich University. With his company Authentic Development GmbH, he assists executives and organizations. He is a co-founder of EDUCA SWISS, member of the foundation board, and was managing director from 2016 to 2019.<\/p>\n<!-- \/wp:paragraph -->            <\/div>\n          <\/div>\n              <\/div>\n\n          <\/div>\n                        <div class=\"team-member\" data-link-only=\"0\">\n      <div class=\"team-member__image\">\n        <img loading=\"lazy\" decoding=\"async\" width=\"200\" height=\"200\" src=\"https:\/\/educaswiss.ch\/wp-content\/uploads\/2020\/11\/Monique-Baer.jpg\" class=\"attachment-post-thumbnail size-post-thumbnail wp-post-image\" alt=\"\" srcset=\"https:\/\/educaswiss.ch\/wp-content\/uploads\/2020\/11\/Monique-Baer.jpg 200w, https:\/\/educaswiss.ch\/wp-content\/uploads\/2020\/11\/Monique-Baer-150x150.jpg 150w\" sizes=\"auto, (max-width: 200px) 100vw, 200px\" \/>      <\/div>\n            <div class=\"team-member__content\">\n        <h3>Monique B\u00e4r <\/h3>\n                  <h4>Founder and Member of the Board of Trustees<\/h4>\n                          <div class=\"person-description__wrapper\">\n            <div class=\"person-description\" style=\"\">\n              <!-- wp:paragraph -->\n<p>Monique B\u00e4r is actively involved in social integration, sustainability and leadership. She is the founder and president of the Arcas Foundation, co-initiator of the Foundation for Responsible Leadership in St. Gallen and a member of the board of directors of Forma Futura Invest AG and the social real estate company Equimo AG. Monique B\u00e4r is also a board member of SwissFoundations, the umbrella organization of Swiss funding institutions. As a partner of coaching-center gmbh in Zurich, she has been working as a supervisor and coach in companies and the nonprofit sector since the mid-1990s. Monique B\u00e4r holds degrees as in Engineering from ETH Zurich University and Supervisor of IAP\/BSO.<\/p>\n<!-- \/wp:paragraph -->            <\/div>\n          <\/div>\n              <\/div>\n\n          <\/div>\n                        <div class=\"team-member\" data-link-only=\"0\">\n      <div class=\"team-member__image\">\n        <img loading=\"lazy\" decoding=\"async\" width=\"200\" height=\"200\" src=\"https:\/\/educaswiss.ch\/wp-content\/uploads\/2020\/11\/Monica-Voegele.jpg\" class=\"attachment-post-thumbnail size-post-thumbnail wp-post-image\" alt=\"\" srcset=\"https:\/\/educaswiss.ch\/wp-content\/uploads\/2020\/11\/Monica-Voegele.jpg 200w, https:\/\/educaswiss.ch\/wp-content\/uploads\/2020\/11\/Monica-Voegele-150x150.jpg 150w\" sizes=\"auto, (max-width: 200px) 100vw, 200px\" \/>      <\/div>\n            <div class=\"team-member__content\">\n        <h3>Monica V\u00f6gele <\/h3>\n                  <h4>Founder and Member of the Board of Trustees<\/h4>\n                          <div class=\"person-description__wrapper\">\n            <div class=\"person-description\" style=\"\">\n              <!-- wp:paragraph -->\n<p>Monica V\u00f6gele studied art history and literature at the University of Zurich while also working in advertising and marketing for an international retail company. After leading the company\u2019s advertising agency during 14 years, Monica V\u00f6gele turned back to culture. As President of the Foundation Board of the Charles and Agnes V\u00f6gele Foundation and Director of the V\u00f6gele Culture Center, she now works on socially relevant topics that are implemented in schools, institutions, and the public. Board mandates in both cultural and educational institutions encompass Monica V\u00f6gele&#8217;s commitment to a broadly accessible transfer of knowledge.<\/p>\n<!-- \/wp:paragraph -->            <\/div>\n          <\/div>\n              <\/div>\n\n          <\/div>\n                        <\/div><!-- \/.team-section -->\n    <\/div><\/div>\n\n\n\n<div class=\"wp-block-group alignfull has-huge-padding has-grey-light-background-color has-background\"><div class=\"wp-block-group__inner-container is-layout-flow wp-block-group-is-layout-flow\">\n<h1 class=\"wp-block-heading has-text-align-center has-5-xl-font-size\"><strong>Expert Council<\/strong><\/h1>\n\n\n      <div class=\"team-section alignwide team--extended \">\n                      <div class=\"team-member\" data-link-only=\"0\">\n      <div class=\"team-member__image\">\n        <img loading=\"lazy\" decoding=\"async\" width=\"522\" height=\"522\" src=\"https:\/\/educaswiss.ch\/wp-content\/uploads\/2023\/03\/locher-benguerei-sandra-sp-r4_SW.png\" class=\"attachment-post-thumbnail size-post-thumbnail wp-post-image\" alt=\"Sandra Locher Benguerel\" srcset=\"https:\/\/educaswiss.ch\/wp-content\/uploads\/2023\/03\/locher-benguerei-sandra-sp-r4_SW.png 522w, https:\/\/educaswiss.ch\/wp-content\/uploads\/2023\/03\/locher-benguerei-sandra-sp-r4_SW-300x300.png 300w, https:\/\/educaswiss.ch\/wp-content\/uploads\/2023\/03\/locher-benguerei-sandra-sp-r4_SW-150x150.png 150w\" sizes=\"auto, (max-width: 522px) 100vw, 522px\" \/>      <\/div>\n            <div class=\"team-member__content\">\n        <h3>Sandra Locher Benguerel <\/h3>\n                  <h4>Former National Councillor, member of the LCH Executive Board, teacher<\/h4>\n                          <div class=\"person-description__wrapper\">\n            <div class=\"person-description\" style=\"\">\n              <!-- wp:paragraph -->\n<p>\u00abEducation is the key to a self-determined life and contributes to a strong and stable society. That&#8217;s why I support EDUCA SWISS in its goal to create fair opportunities.\u00bb<\/p>\n<!-- \/wp:paragraph -->            <\/div>\n          <\/div>\n              <\/div>\n\n          <\/div>\n                        <div class=\"team-member\" data-link-only=\"0\">\n      <div class=\"team-member__image\">\n        <img loading=\"lazy\" decoding=\"async\" width=\"200\" height=\"199\" src=\"https:\/\/educaswiss.ch\/wp-content\/uploads\/2020\/11\/Peter-F-Weibel.jpg\" class=\"attachment-post-thumbnail size-post-thumbnail wp-post-image\" alt=\"\" srcset=\"https:\/\/educaswiss.ch\/wp-content\/uploads\/2020\/11\/Peter-F-Weibel.jpg 200w, https:\/\/educaswiss.ch\/wp-content\/uploads\/2020\/11\/Peter-F-Weibel-150x150.jpg 150w\" sizes=\"auto, (max-width: 200px) 100vw, 200px\" \/>      <\/div>\n            <div class=\"team-member__content\">\n        <h3>Peter F. Weibel <\/h3>\n                  <h4>Expert on Business and Foundations<\/h4>\n                          <div class=\"person-description__wrapper\">\n            <div class=\"person-description\" style=\"\">\n              <!-- wp:paragraph -->\n<p>Peter F. Weibel studied business administration at the University of Zurich and spent many years in leading positions for leading companies in Switzerland, including as CEO of PwC from 1988 to 2003 and as a member of the Board of Directors of Credit Suisse Group from 2004 to 2012. For 15 years now, Peter F. Weibel has committed professionally to education, social issues and culture. He was awarded the Medal of Honor of the City of Zurich for his services as long-time President of the Festivals. He contributed to the development of several foundations, including the Pestalozzi Foundation. Since 2012, he has presided over the Foundation of the University of Zurich. For EDUCA SWISS, Peter Weibel&#8217;s experience in professional governance, sustainable fundraising and especially in impact-oriented leadership is particularly valuable.<\/p>\n<!-- \/wp:paragraph -->            <\/div>\n          <\/div>\n              <\/div>\n\n          <\/div>\n                        <div class=\"team-member\" data-link-only=\"0\">\n      <div class=\"team-member__image\">\n        <img loading=\"lazy\" decoding=\"async\" width=\"200\" height=\"200\" src=\"https:\/\/educaswiss.ch\/wp-content\/uploads\/2020\/11\/Theo-Wehner.jpg\" class=\"attachment-post-thumbnail size-post-thumbnail wp-post-image\" alt=\"\" srcset=\"https:\/\/educaswiss.ch\/wp-content\/uploads\/2020\/11\/Theo-Wehner.jpg 200w, https:\/\/educaswiss.ch\/wp-content\/uploads\/2020\/11\/Theo-Wehner-150x150.jpg 150w\" sizes=\"auto, (max-width: 200px) 100vw, 200px\" \/>      <\/div>\n            <div class=\"team-member__content\">\n        <h3>Professor Dr. Theo Wehner <\/h3>\n                  <h4>Industrial Psychologist<\/h4>\n                          <div class=\"person-description__wrapper\">\n            <div class=\"person-description\" style=\"\">\n              <!-- wp:paragraph -->\n<p>Theo Wehner studied psychology and sociology, is now a visiting professor at the University of Bremen and professor emeritus at the Center for Organizational and Work Sciences at ETH Zurich University. As an expert, he works for leading foundations that finance education. His research focuses on the meaning of professional work and the act of becoming in today&#8217;s society. How do we learn through experience &#8211; especially in dealing with mistakes and failure? What is the nature of volunteer work? How do we define effective support and guidance for people in their professional development? These questions are highly relevant for the EDUCA SWISS\u2019 work especially.<\/p>\n<!-- \/wp:paragraph -->            <\/div>\n          <\/div>\n              <\/div>\n\n          <\/div>\n                        <\/div><!-- \/.team-section -->\n    <\/div><\/div>\n","protected":false},"excerpt":{"rendered":"<p>Foundation Board Expert Council<\/p>\n","protected":false},"author":1,"featured_media":0,"parent":4220,"menu_order":0,"comment_status":"closed","ping_status":"closed","template":"","meta":{"_acf_changed":false,"hide_page_title":"enabled","_coblocks_attr":"","_coblocks_dimensions":"","_coblocks_responsive_height":"","_coblocks_accordion_ie_support":"","footnotes":""},"class_list":["post-4248","page","type-page","status-publish","hentry"],"acf":[],"yoast_head":"<!-- This site is optimized with the Yoast SEO plugin v27.4 - https:\/\/yoast.com\/product\/yoast-seo-wordpress\/ -->\n<title>Stiftungsrat und Expertenrat &#8211; EDUCA SWISS<\/title>\n<meta name=\"description\" content=\"Lernen Sie den Stiftungsrat und den Expertenrat von EDUCA SWISS kennen, der Schweizerischen Stiftung f\u00fcr Bildungsf\u00f6rderung und -finanzierung.\" \/>\n<meta name=\"robots\" content=\"index, follow, max-snippet:-1, max-image-preview:large, max-video-preview:-1\" \/>\n<link rel=\"canonical\" href=\"https:\/\/educaswiss.ch\/en\/about\/stiftungsrat-expertenrat\/\" \/>\n<meta property=\"og:locale\" content=\"en_US\" \/>\n<meta property=\"og:type\" content=\"article\" \/>\n<meta property=\"og:title\" content=\"Stiftungsrat und Expertenrat &#8211; EDUCA SWISS\" \/>\n<meta property=\"og:description\" content=\"Lernen Sie den Stiftungsrat und den Expertenrat von EDUCA SWISS kennen, der Schweizerischen Stiftung f\u00fcr Bildungsf\u00f6rderung und -finanzierung.\" \/>\n<meta property=\"og:url\" content=\"https:\/\/educaswiss.ch\/en\/about\/stiftungsrat-expertenrat\/\" \/>\n<meta property=\"og:site_name\" content=\"EDUCA SWISS\" \/>\n<meta property=\"article:modified_time\" content=\"2023-02-28T14:46:49+00:00\" \/>\n<meta property=\"og:image\" content=\"https:\/\/educaswiss.ch\/wp-content\/uploads\/2020\/12\/educaswiss-preview.jpg\" \/>\n\t<meta property=\"og:image:width\" content=\"1200\" \/>\n\t<meta property=\"og:image:height\" content=\"675\" \/>\n\t<meta property=\"og:image:type\" content=\"image\/jpeg\" \/>\n<meta name=\"twitter:card\" content=\"summary_large_image\" \/>\n<meta name=\"twitter:label1\" content=\"Est. reading time\" \/>\n\t<meta name=\"twitter:data1\" content=\"1 minute\" \/>\n<script type=\"application\/ld+json\" class=\"yoast-schema-graph\">{\"@context\":\"https:\\\/\\\/schema.org\",\"@graph\":[{\"@type\":\"WebPage\",\"@id\":\"https:\\\/\\\/educaswiss.ch\\\/en\\\/about\\\/stiftungsrat-expertenrat\\\/\",\"url\":\"https:\\\/\\\/educaswiss.ch\\\/en\\\/about\\\/stiftungsrat-expertenrat\\\/\",\"name\":\"Stiftungsrat und Expertenrat &#8211; EDUCA SWISS\",\"isPartOf\":{\"@id\":\"https:\\\/\\\/educaswiss.ch\\\/en\\\/#website\"},\"datePublished\":\"2020-11-25T16:58:10+00:00\",\"dateModified\":\"2023-02-28T14:46:49+00:00\",\"description\":\"Lernen Sie den Stiftungsrat und den Expertenrat von EDUCA SWISS kennen, der Schweizerischen Stiftung f\u00fcr Bildungsf\u00f6rderung und -finanzierung.\",\"breadcrumb\":{\"@id\":\"https:\\\/\\\/educaswiss.ch\\\/en\\\/about\\\/stiftungsrat-expertenrat\\\/#breadcrumb\"},\"inLanguage\":\"en-US\",\"potentialAction\":[{\"@type\":\"ReadAction\",\"target\":[\"https:\\\/\\\/educaswiss.ch\\\/en\\\/about\\\/stiftungsrat-expertenrat\\\/\"]}]},{\"@type\":\"BreadcrumbList\",\"@id\":\"https:\\\/\\\/educaswiss.ch\\\/en\\\/about\\\/stiftungsrat-expertenrat\\\/#breadcrumb\",\"itemListElement\":[{\"@type\":\"ListItem\",\"position\":1,\"name\":\"Startseite\",\"item\":\"https:\\\/\\\/educaswiss.ch\\\/en\\\/\"},{\"@type\":\"ListItem\",\"position\":2,\"name\":\"About\",\"item\":\"https:\\\/\\\/educaswiss.ch\\\/en\\\/about\\\/\"},{\"@type\":\"ListItem\",\"position\":3,\"name\":\"Stiftungsrat und Expertenrat\"}]},{\"@type\":\"WebSite\",\"@id\":\"https:\\\/\\\/educaswiss.ch\\\/en\\\/#website\",\"url\":\"https:\\\/\\\/educaswiss.ch\\\/en\\\/\",\"name\":\"EDUCA SWISS\",\"description\":\"\",\"publisher\":{\"@id\":\"https:\\\/\\\/educaswiss.ch\\\/en\\\/#organization\"},\"potentialAction\":[{\"@type\":\"SearchAction\",\"target\":{\"@type\":\"EntryPoint\",\"urlTemplate\":\"https:\\\/\\\/educaswiss.ch\\\/en\\\/?s={search_term_string}\"},\"query-input\":{\"@type\":\"PropertyValueSpecification\",\"valueRequired\":true,\"valueName\":\"search_term_string\"}}],\"inLanguage\":\"en-US\"},{\"@type\":\"Organization\",\"@id\":\"https:\\\/\\\/educaswiss.ch\\\/en\\\/#organization\",\"name\":\"EDUCA SWISS\",\"url\":\"https:\\\/\\\/educaswiss.ch\\\/en\\\/\",\"logo\":{\"@type\":\"ImageObject\",\"inLanguage\":\"en-US\",\"@id\":\"https:\\\/\\\/educaswiss.ch\\\/en\\\/#\\\/schema\\\/logo\\\/image\\\/\",\"url\":\"https:\\\/\\\/educaswiss.ch\\\/wp-content\\\/uploads\\\/2020\\\/12\\\/educaswiss_ungewinkelt_rot_32-punkte.png\",\"contentUrl\":\"https:\\\/\\\/educaswiss.ch\\\/wp-content\\\/uploads\\\/2020\\\/12\\\/educaswiss_ungewinkelt_rot_32-punkte.png\",\"width\":194,\"height\":108,\"caption\":\"EDUCA SWISS\"},\"image\":{\"@id\":\"https:\\\/\\\/educaswiss.ch\\\/en\\\/#\\\/schema\\\/logo\\\/image\\\/\"}}]}<\/script>\n<!-- \/ Yoast SEO plugin. -->","yoast_head_json":{"title":"Stiftungsrat und Expertenrat &#8211; EDUCA SWISS","description":"Lernen Sie den Stiftungsrat und den Expertenrat von EDUCA SWISS kennen, der Schweizerischen Stiftung f\u00fcr Bildungsf\u00f6rderung und -finanzierung.","robots":{"index":"index","follow":"follow","max-snippet":"max-snippet:-1","max-image-preview":"max-image-preview:large","max-video-preview":"max-video-preview:-1"},"canonical":"https:\/\/educaswiss.ch\/en\/about\/stiftungsrat-expertenrat\/","og_locale":"en_US","og_type":"article","og_title":"Stiftungsrat und Expertenrat &#8211; EDUCA SWISS","og_description":"Lernen Sie den Stiftungsrat und den Expertenrat von EDUCA SWISS kennen, der Schweizerischen Stiftung f\u00fcr Bildungsf\u00f6rderung und -finanzierung.","og_url":"https:\/\/educaswiss.ch\/en\/about\/stiftungsrat-expertenrat\/","og_site_name":"EDUCA SWISS","article_modified_time":"2023-02-28T14:46:49+00:00","og_image":[{"width":1200,"height":675,"url":"https:\/\/educaswiss.ch\/wp-content\/uploads\/2020\/12\/educaswiss-preview.jpg","type":"image\/jpeg"}],"twitter_card":"summary_large_image","twitter_misc":{"Est. reading time":"1 minute"},"schema":{"@context":"https:\/\/schema.org","@graph":[{"@type":"WebPage","@id":"https:\/\/educaswiss.ch\/en\/about\/stiftungsrat-expertenrat\/","url":"https:\/\/educaswiss.ch\/en\/about\/stiftungsrat-expertenrat\/","name":"Stiftungsrat und Expertenrat &#8211; EDUCA SWISS","isPartOf":{"@id":"https:\/\/educaswiss.ch\/en\/#website"},"datePublished":"2020-11-25T16:58:10+00:00","dateModified":"2023-02-28T14:46:49+00:00","description":"Lernen Sie den Stiftungsrat und den Expertenrat von EDUCA SWISS kennen, der Schweizerischen Stiftung f\u00fcr Bildungsf\u00f6rderung und -finanzierung.","breadcrumb":{"@id":"https:\/\/educaswiss.ch\/en\/about\/stiftungsrat-expertenrat\/#breadcrumb"},"inLanguage":"en-US","potentialAction":[{"@type":"ReadAction","target":["https:\/\/educaswiss.ch\/en\/about\/stiftungsrat-expertenrat\/"]}]},{"@type":"BreadcrumbList","@id":"https:\/\/educaswiss.ch\/en\/about\/stiftungsrat-expertenrat\/#breadcrumb","itemListElement":[{"@type":"ListItem","position":1,"name":"Startseite","item":"https:\/\/educaswiss.ch\/en\/"},{"@type":"ListItem","position":2,"name":"About","item":"https:\/\/educaswiss.ch\/en\/about\/"},{"@type":"ListItem","position":3,"name":"Stiftungsrat und Expertenrat"}]},{"@type":"WebSite","@id":"https:\/\/educaswiss.ch\/en\/#website","url":"https:\/\/educaswiss.ch\/en\/","name":"EDUCA SWISS","description":"","publisher":{"@id":"https:\/\/educaswiss.ch\/en\/#organization"},"potentialAction":[{"@type":"SearchAction","target":{"@type":"EntryPoint","urlTemplate":"https:\/\/educaswiss.ch\/en\/?s={search_term_string}"},"query-input":{"@type":"PropertyValueSpecification","valueRequired":true,"valueName":"search_term_string"}}],"inLanguage":"en-US"},{"@type":"Organization","@id":"https:\/\/educaswiss.ch\/en\/#organization","name":"EDUCA SWISS","url":"https:\/\/educaswiss.ch\/en\/","logo":{"@type":"ImageObject","inLanguage":"en-US","@id":"https:\/\/educaswiss.ch\/en\/#\/schema\/logo\/image\/","url":"https:\/\/educaswiss.ch\/wp-content\/uploads\/2020\/12\/educaswiss_ungewinkelt_rot_32-punkte.png","contentUrl":"https:\/\/educaswiss.ch\/wp-content\/uploads\/2020\/12\/educaswiss_ungewinkelt_rot_32-punkte.png","width":194,"height":108,"caption":"EDUCA SWISS"},"image":{"@id":"https:\/\/educaswiss.ch\/en\/#\/schema\/logo\/image\/"}}]}},"_links":{"self":[{"href":"https:\/\/educaswiss.ch\/en\/wp-json\/wp\/v2\/pages\/4248","targetHints":{"allow":["GET"]}}],"collection":[{"href":"https:\/\/educaswiss.ch\/en\/wp-json\/wp\/v2\/pages"}],"about":[{"href":"https:\/\/educaswiss.ch\/en\/wp-json\/wp\/v2\/types\/page"}],"author":[{"embeddable":true,"href":"https:\/\/educaswiss.ch\/en\/wp-json\/wp\/v2\/users\/1"}],"replies":[{"embeddable":true,"href":"https:\/\/educaswiss.ch\/en\/wp-json\/wp\/v2\/comments?post=4248"}],"version-history":[{"count":4,"href":"https:\/\/educaswiss.ch\/en\/wp-json\/wp\/v2\/pages\/4248\/revisions"}],"predecessor-version":[{"id":4344,"href":"https:\/\/educaswiss.ch\/en\/wp-json\/wp\/v2\/pages\/4248\/revisions\/4344"}],"up":[{"embeddable":true,"href":"https:\/\/educaswiss.ch\/en\/wp-json\/wp\/v2\/pages\/4220"}],"wp:attachment":[{"href":"https:\/\/educaswiss.ch\/en\/wp-json\/wp\/v2\/media?parent=4248"}],"curies":[{"name":"wp","href":"https:\/\/api.w.org\/{rel}","templated":true}]}}